{"id":407,"date":"2024-06-14T14:28:23","date_gmt":"2024-06-14T12:28:23","guid":{"rendered":"https:\/\/latisserie-lormes.fr\/?page_id=407"},"modified":"2024-07-09T16:06:31","modified_gmt":"2024-07-09T14:06:31","slug":"programme-nouveaux-lieux-nouveaux-liens","status":"publish","type":"page","link":"https:\/\/latisserie-lormes.fr\/index.php\/programme-nouveaux-lieux-nouveaux-liens\/","title":{"rendered":"Programme Nouveaux Lieux &#8211; Nouveaux Liens"},"content":{"rendered":"\n<p>&nbsp;<\/p>\n\n\n\n<p>Lanc\u00e9 en 2020, le programme Nouveaux lieux, Nouveaux liens vise \u00e0 cr\u00e9er une dynamique nationale de transformation de l\u2019activit\u00e9 dans les territoires.&nbsp; Il a pour objectif de favoriser le maillage le plus fin possible des territoires en tiers-lieux, de donner les moyens \u00e0 ces derniers de diversifier leurs revenus en d\u00e9veloppant des services d\u2019int\u00e9r\u00eat g\u00e9n\u00e9ral d\u00e9clin\u00e9s en fonction des besoins des territoires, de faciliter la professionnalisation et l&rsquo;organisation des r\u00e9seaux de tiers-lieux et d\u2019impliquer des partenaires publics et priv\u00e9s en proposant un cadre d&rsquo;intervention et des outils mutualis\u00e9s<sup>1<\/sup>.&nbsp;<\/p>\n\n\n\n<p><strong>La mission initiale de la Fabrique de Territoire de Lormes :<\/strong>&nbsp;<\/p>\n\n\n\n<p>Le dossier d\u00e9pos\u00e9 pour l&rsquo;obtention de la Fabrique de Territoire<sup>2<\/sup> et la convention sign\u00e9e<sup>3<\/sup> propose les objectifs suivants :&nbsp;&nbsp;<\/p>\n\n\n\n<ol class=\"wp-block-list\" start=\"1\">\n<li>Conforter les tiers-lieux d\u00e9j\u00e0 existants et les mettre en r\u00e9seau&nbsp;<\/li>\n<\/ol>\n\n\n\n<ol class=\"wp-block-list\" start=\"2\">\n<li>Proposer de nouveaux services et animations aux habitants et aux entreprises&nbsp;<\/li>\n<\/ol>\n\n\n\n<ol class=\"wp-block-list\" start=\"3\">\n<li>R\u00e9ussir l\u2019installation et le d\u00e9veloppement d\u2019ICI Morvan&nbsp;<\/li>\n<\/ol>\n\n\n\n<ol class=\"wp-block-list\" start=\"4\">\n<li>Permettre un rayonnement de ces nouveaux services au-del\u00e0 de la Ville de Lormes&nbsp;<\/li>\n<\/ol>\n\n\n\n<p>La fiche de poste initiale propose les activit\u00e9s suivantes (voir le d\u00e9tail en <a href=\"http:\/\/latisserie-lormes.fr\/index.php\/annexes\/\" data-type=\"page\" data-id=\"336\">Annexes<\/a>)<\/p>\n\n\n\n<ul class=\"wp-block-list\">\n<li>Objectif 1 : Dynamiser le secteur de l&#8217;emploi initi\u00e9 dans les tiers-lieux (50% du temps)&nbsp;<\/li>\n<\/ul>\n\n\n\n<ul class=\"wp-block-list\">\n<li>Objectif 2 : Cr\u00e9er un r\u00e9seau de tiers-lieux locaux (25% du temps)&nbsp;<\/li>\n<\/ul>\n\n\n\n<ul class=\"wp-block-list\">\n<li>Objectif 3 : Faire co\u00efncider le d\u00e9veloppement des tiers-lieux avec les objectifs de d\u00e9veloppement de la ville et faire connaitre notre d\u00e9marche aupr\u00e8s des partenaires ext\u00e9rieurs (25% du temps)&nbsp;<\/li>\n<\/ul>\n\n\n\n<p>Les 2 principaux tiers-lieux devant \u00eatre soutenus pour leur d\u00e9marrage sont ICI Morvan, et l&rsquo;entreprise \u00e0 but d&#8217;emploi Les Portes du Morvan&nbsp;<\/p>\n\n\n\n<p><strong>La mission au d\u00e9marrage : Carte blanche pour une feuille de route<\/strong>&nbsp;<\/p>\n\n\n\n<p>En septembre 2021, \u00e0 l&rsquo;arriv\u00e9e du charg\u00e9 de mission (Aymeric Seron, voir CV<sup>4<\/sup>), ICI Morvan et l&rsquo;Entreprise \u00e0 But d&rsquo;Emploi les Portes de Morvan n\u2019\u00e9taent pas encore cr\u00e9\u00e9es.&nbsp;<\/p>\n\n\n\n<p>En accord avec les membres du consortium, il est alors propos\u00e9 que le charg\u00e9 de mission propose une feuille de route au terme de sa p\u00e9riode d&rsquo;int\u00e9gration (3 mois).&nbsp;&nbsp;<\/p>\n","protected":false},"excerpt":{"rendered":"<p>&nbsp; Lanc\u00e9 en 2020, le programme Nouveaux lieux, Nouveaux liens vise \u00e0 cr\u00e9er une dynamique nationale de transformation de l\u2019activit\u00e9 dans les territoires.&nbsp; Il a pour objectif de favoriser le maillage le plus fin possible des territoires en tiers-lieux, de donner les moyens \u00e0 ces derniers de diversifier leurs revenus en d\u00e9veloppant des services d\u2019int\u00e9r\u00eat [&hellip;]<\/p>\n","protected":false},"author":4,"featured_media":0,"parent":0,"menu_order":0,"comment_status":"closed","ping_status":"closed","template":"","meta":{"site-sidebar-layout":"default","site-content-layout":"","ast-site-content-layout":"default","site-content-style":"default","site-sidebar-style":"default","ast-global-header-display":"","ast-banner-title-visibility":"","ast-main-header-display":"","ast-hfb-above-header-display":"","ast-hfb-below-header-display":"","ast-hfb-mobile-header-display":"","site-post-title":"","ast-breadcrumbs-content":"","ast-featured-img":"","footer-sml-layout":"","theme-transparent-header-meta":"","adv-header-id-meta":"","stick-header-meta":"","header-above-stick-meta":"","header-main-stick-meta":"","header-below-stick-meta":"","astra-migrate-meta-layouts":"set","ast-page-background-enabled":"default","ast-page-background-meta":{"desktop":{"background-color":"var(--ast-global-color-4)","background-image":"","background-repeat":"repeat","background-position":"center center","background-size":"auto","background-attachment":"scroll","background-type":"","background-media":"","overlay-type":"","overlay-color":"","overlay-opacity":"","overlay-gradient":""},"tablet":{"background-color":"","background-image":"","background-repeat":"repeat","background-position":"center center","background-size":"auto","background-attachment":"scroll","background-type":"","background-media":"","overlay-type":"","overlay-color":"","overlay-opacity":"","overlay-gradient":""},"mobile":{"background-color":"","background-image":"","background-repeat":"repeat","background-position":"center center","background-size":"auto","background-attachment":"scroll","background-type":"","background-media":"","overlay-type":"","overlay-color":"","overlay-opacity":"","overlay-gradient":""}},"ast-content-background-meta":{"desktop":{"background-color":"var(--ast-global-color-5)","background-image":"","background-repeat":"repeat","background-position":"center center","background-size":"auto","background-attachment":"scroll","background-type":"","background-media":"","overlay-type":"","overlay-color":"","overlay-opacity":"","overlay-gradient":""},"tablet":{"background-color":"var(--ast-global-color-5)","background-image":"","background-repeat":"repeat","background-position":"center center","background-size":"auto","background-attachment":"scroll","background-type":"","background-media":"","overlay-type":"","overlay-color":"","overlay-opacity":"","overlay-gradient":""},"mobile":{"background-color":"var(--ast-global-color-5)","background-image":"","background-repeat":"repeat","background-position":"center center","background-size":"auto","background-attachment":"scroll","background-type":"","background-media":"","overlay-type":"","overlay-color":"","overlay-opacity":"","overlay-gradient":""}},"footnotes":""},"class_list":["post-407","page","type-page","status-publish","hentry"],"_links":{"self":[{"href":"https:\/\/latisserie-lormes.fr\/index.php\/wp-json\/wp\/v2\/pages\/407","targetHints":{"allow":["GET"]}}],"collection":[{"href":"https:\/\/latisserie-lormes.fr\/index.php\/wp-json\/wp\/v2\/pages"}],"about":[{"href":"https:\/\/latisserie-lormes.fr\/index.php\/wp-json\/wp\/v2\/types\/page"}],"author":[{"embeddable":true,"href":"https:\/\/latisserie-lormes.fr\/index.php\/wp-json\/wp\/v2\/users\/4"}],"replies":[{"embeddable":true,"href":"https:\/\/latisserie-lormes.fr\/index.php\/wp-json\/wp\/v2\/comments?post=407"}],"version-history":[{"count":2,"href":"https:\/\/latisserie-lormes.fr\/index.php\/wp-json\/wp\/v2\/pages\/407\/revisions"}],"predecessor-version":[{"id":559,"href":"https:\/\/latisserie-lormes.fr\/index.php\/wp-json\/wp\/v2\/pages\/407\/revisions\/559"}],"wp:attachment":[{"href":"https:\/\/latisserie-lormes.fr\/index.php\/wp-json\/wp\/v2\/media?parent=407"}],"curies":[{"name":"wp","href":"https:\/\/api.w.org\/{rel}","templated":true}]}}