{"id":39,"date":"2023-02-02T12:12:31","date_gmt":"2023-02-02T11:12:31","guid":{"rendered":"http:\/\/latisserie-lormes.fr\/?page_id=39"},"modified":"2024-08-14T11:35:06","modified_gmt":"2024-08-14T09:35:06","slug":"qui-ou-quoi","status":"publish","type":"page","link":"https:\/\/latisserie-lormes.fr\/index.php\/qui-ou-quoi\/","title":{"rendered":"Qui, O\u00f9, Quoi ?"},"content":{"rendered":"\n<hr class=\"wp-block-separator has-alpha-channel-opacity\"\/>\n\n\n\n<p id=\"Qui\"><strong>Qui<\/strong><\/p>\n\n\n\n<p>Ville de 1400 habitants, situ\u00e9e dans le Morvan (Ni\u00e8vre), particuli\u00e8rement dynamique et labellis\u00e9e \u00ab\u00a0Petite Ville du Futur\u00a0\u00bb, Lormes accueille plusieurs Tiers-Lieux, des services publics et de nombreuses associations au service de la population<\/p>\n\n\n\n<p>Le nombre de lieux r\u00e9pondant aux caract\u00e9ristiques des Tiers-Lieux est \u00e9lev\u00e9 et en augmentation. Si certains lieux n\u2019en ont pas toutes les caract\u00e9ristiques, ils contribuent \u00e0 l&rsquo;esprit Tiers-Lieu de la ville.<\/p>\n\n\n\n<p>Les nombreuses galeries m\u00e9langeant diff\u00e9rents types d&rsquo;activit\u00e9s, les restaurants et caf\u00e9s multi-usages, les tr\u00e8s nombreuses associations (plus de 60 \u00e0 Lormes) et les organismes publics contribuent \u00e0 ce climat ou il fait bon \u00eatre et faire ensemble \u00e0 tous les \u00e2ges de la vie.<\/p>\n\n\n\n<figure class=\"wp-block-image aligncenter size-large\"><img loading=\"lazy\" decoding=\"async\" width=\"1024\" height=\"636\" src=\"https:\/\/latisserie-lormes.fr\/wp-content\/uploads\/2024\/05\/240418-Presentation-La-Tisserie-Fabrique-de-Territoire-a-1024x636.jpg\" alt=\"\" class=\"wp-image-306\" srcset=\"https:\/\/latisserie-lormes.fr\/wp-content\/uploads\/2024\/05\/240418-Presentation-La-Tisserie-Fabrique-de-Territoire-a-1024x636.jpg 1024w, https:\/\/latisserie-lormes.fr\/wp-content\/uploads\/2024\/05\/240418-Presentation-La-Tisserie-Fabrique-de-Territoire-a-300x186.jpg 300w, https:\/\/latisserie-lormes.fr\/wp-content\/uploads\/2024\/05\/240418-Presentation-La-Tisserie-Fabrique-de-Territoire-a-768x477.jpg 768w, https:\/\/latisserie-lormes.fr\/wp-content\/uploads\/2024\/05\/240418-Presentation-La-Tisserie-Fabrique-de-Territoire-a.jpg 1160w\" sizes=\"auto, (max-width: 1024px) 100vw, 1024px\" \/><figcaption class=\"wp-element-caption\">Sch\u00e9ma repr\u00e9sentants les structures impliqu\u00e9es dans La Tisserie<\/figcaption><\/figure>\n\n\n\n<hr class=\"wp-block-separator has-alpha-channel-opacity\"\/>\n\n\n\n<p id=\"O\u00f9\"><strong>O\u00f9<\/strong><\/p>\n\n\n\n<p>Retrouver le parcours des galeries d&rsquo;artistes sur la <a href=\"http:\/\/latisserie-lormes.fr\/index.php\/le-parcours-des-galeries\/\" data-type=\"link\" data-id=\"http:\/\/latisserie-lormes.fr\/index.php\/le-parcours-des-galeries\/\">page d\u00e9di\u00e9e<\/a> <\/p>\n\n\n\n<p>Retrouver les informations sur les diff\u00e9rents lieux \u00e0 la mairie ou \u00e0 l&rsquo;Office du Tourisme.<\/p>\n\n\n\n<hr class=\"wp-block-separator has-alpha-channel-opacity\"\/>\n\n\n\n<p id=\"Les-projets\"><strong>Quoi : Les projets<\/strong><\/p>\n\n\n\n<p><strong>Les activit\u00e9s<\/strong> de la Fabrique de Territoire sont r\u00e9parties en 3 cat\u00e9gories :<\/p>\n\n\n\n<ul class=\"wp-block-list\">\n<li>Soutenir la cr\u00e9ation et le d\u00e9veloppement des Tiers-lieux<\/li>\n\n\n\n<li>Mettre en place des projets coop\u00e9ratifs pour contribuer au d\u00e9veloppement \u00e9conomique, culturel et artistique Lormois<\/li>\n\n\n\n<li>Favoriser le rayonnement \/ la diffusion de l\u2019esprit tiers-lieux<\/li>\n<\/ul>\n\n\n\n<p class=\"has-text-align-left\"><strong>Aider \u00e0 l&rsquo;\u00e9mergence et au d\u00e9veloppement des tiers-lieux<\/strong><\/p>\n\n\n\n<ul class=\"wp-block-list\">\n<li>\u00c9mergence de IciMorvan<\/li>\n\n\n\n<li>\u00c9mergence du \u00ab\u00a0coin comme \u00e0 la maison\u00a0\u00bb de l&rsquo;EHPAD (R\u00e9novation salle polyvalente, Cuisine partag\u00e9e, Microbrasserie)<\/li>\n\n\n\n<li>\u00c9mergence de la Maison des associations , de l&rsquo;EBE et du Relai.s des futurs (mission des \u00e9tudiants de Science Po Lyon)<\/li>\n\n\n\n<li>Veille sur les sources de financement et r\u00e9daction d&rsquo;appel \u00e0 projet<\/li>\n<\/ul>\n\n\n\n<p id=\"Ancre\">En savoir + concernant l&rsquo;\u00e9mergence et le d\u00e9veloppement des tiers-lieux c&rsquo;est par <a href=\"http:\/\/latisserie-lormes.fr\/index.php\/aider-a-lemergence-et-au-developpement-des-tiers-lieux\/\" data-type=\"page\" data-id=\"309\">ici<\/a><\/p>\n\n\n\n<p class=\"has-text-align-left\"><strong>Mettre en place des projets coop\u00e9ratifs pour contribuer au d\u00e9veloppement \u00e9conomique, culturel et artistique Lormois<\/strong><\/p>\n\n\n\n<ul class=\"wp-block-list\">\n<li>Ateliers panel pour comprendre les besoins du territoire et co-construire des solutions<\/li>\n\n\n\n<li>Mise en place de mutualisation de mat\u00e9riel \u00e0 Lormes<\/li>\n\n\n\n<li>Mise en place du parcours des galeries d&rsquo;artistes (<a href=\"http:\/\/latisserie-lormes.fr\/index.php\/le-parcours-des-galeries\/\" data-type=\"link\" data-id=\"http:\/\/latisserie-lormes.fr\/index.php\/le-parcours-des-galeries\/\">en savoir +<\/a>)<\/li>\n\n\n\n<li>Organisation de la f\u00eate des associations et des tiers-lieux et du guide des associations (<a href=\"http:\/\/latisserie-lormes.fr\/index.php\/fete-des-associations-et-des-tiers-lieux\/\">en savoir +<\/a>)<\/li>\n\n\n\n<li>Coll\u00e8ge de Demain<\/li>\n\n\n\n<li>Participation de Lormes et la Tisserie au Festival des Solidarit\u00e9s \u00e0 Dijon du 9 au 11 Juin 2023<\/li>\n<\/ul>\n\n\n\n<p>En savoir + sur la mise en place de projets coop\u00e9ratifs lormois c&rsquo;est par ici <a href=\"http:\/\/latisserie-lormes.fr\/index.php\/mettre-en-place-des-projets-cooperatifs-pour-contribuer-au-developpement-economique-culturel-et-artistique-lormois\/\" data-type=\"page\" data-id=\"330\">ici<\/a><\/p>\n\n\n\n<p class=\"has-text-align-left\"><strong>Favoriser le rayonnement \/ la diffusion de l\u2019esprit tiers-lieux<\/strong><\/p>\n\n\n\n<ul class=\"wp-block-list\">\n<li>\u00c9laboration d&rsquo;un plan de communication <\/li>\n\n\n\n<li>Mise en place d&rsquo;un calendrier partag\u00e9 des \u00e9v\u00e8nements<\/li>\n\n\n\n<li>Organisation de l\u2019\u00c9t\u00e9 Culturel en f\u00e9d\u00e9rant les acteurs du territoire<\/li>\n\n\n\n<li>\u00c9valuation de l&rsquo;impact des pratiques artistiques sur l&rsquo;environnement socio-\u00e9conomique de Lormes<\/li>\n\n\n\n<li>R\u00e9flexion sur un outil pour faciliter les ventes des productions artisanales et artistiques lormoises<\/li>\n<\/ul>\n\n\n\n<p>Rayonner et diffuser l&rsquo;esprit tiers-lieux, c&rsquo;est par <a href=\"http:\/\/latisserie-lormes.fr\/index.php\/favoriser-le-rayonnement-la-diffusion-de-lesprit-tiers-lieux\/\" data-type=\"page\" data-id=\"332\">ici <\/a> pour en savoir + <\/p>\n\n\n\n<hr class=\"wp-block-separator has-alpha-channel-opacity\"\/>\n\n\n\n<p><strong>Retour \u00e0 l&rsquo;Accueil, c&rsquo;est par <a href=\"http:\/\/latisserie-lormes.fr\/\">ICI<\/a><\/strong><\/p>\n\n\n\n<p><\/p>\n","protected":false},"excerpt":{"rendered":"<p>Qui Ville de 1400 habitants, situ\u00e9e dans le Morvan (Ni\u00e8vre), particuli\u00e8rement dynamique et labellis\u00e9e \u00ab\u00a0Petite Ville du Futur\u00a0\u00bb, Lormes accueille plusieurs Tiers-Lieux, des services publics et de nombreuses associations au service de la population Le nombre de lieux r\u00e9pondant aux caract\u00e9ristiques des Tiers-Lieux est \u00e9lev\u00e9 et en augmentation. Si certains lieux n\u2019en ont pas toutes [&hellip;]<\/p>\n","protected":false},"author":3,"featured_media":0,"parent":0,"menu_order":0,"comment_status":"closed","ping_status":"closed","template":"","meta":{"site-sidebar-layout":"default","site-content-layout":"","ast-site-content-layout":"default","site-content-style":"default","site-sidebar-style":"default","ast-global-header-display":"","ast-banner-title-visibility":"","ast-main-header-display":"","ast-hfb-above-header-display":"","ast-hfb-below-header-display":"","ast-hfb-mobile-header-display":"","site-post-title":"","ast-breadcrumbs-content":"","ast-featured-img":"","footer-sml-layout":"","theme-transparent-header-meta":"","adv-header-id-meta":"","stick-header-meta":"","header-above-stick-meta":"","header-main-stick-meta":"","header-below-stick-meta":"","astra-migrate-meta-layouts":"set","ast-page-background-enabled":"default","ast-page-background-meta":{"desktop":{"background-color":"var(--ast-global-color-4)","background-image":"","background-repeat":"repeat","background-position":"center center","background-size":"auto","background-attachment":"scroll","background-type":"","background-media":"","overlay-type":"","overlay-color":"","overlay-opacity":"","overlay-gradient":""},"tablet":{"background-color":"","background-image":"","background-repeat":"repeat","background-position":"center center","background-size":"auto","background-attachment":"scroll","background-type":"","background-media":"","overlay-type":"","overlay-color":"","overlay-opacity":"","overlay-gradient":""},"mobile":{"background-color":"","background-image":"","background-repeat":"repeat","background-position":"center center","background-size":"auto","background-attachment":"scroll","background-type":"","background-media":"","overlay-type":"","overlay-color":"","overlay-opacity":"","overlay-gradient":""}},"ast-content-background-meta":{"desktop":{"background-color":"var(--ast-global-color-5)","background-image":"","background-repeat":"repeat","background-position":"center center","background-size":"auto","background-attachment":"scroll","background-type":"","background-media":"","overlay-type":"","overlay-color":"","overlay-opacity":"","overlay-gradient":""},"tablet":{"background-color":"var(--ast-global-color-5)","background-image":"","background-repeat":"repeat","background-position":"center center","background-size":"auto","background-attachment":"scroll","background-type":"","background-media":"","overlay-type":"","overlay-color":"","overlay-opacity":"","overlay-gradient":""},"mobile":{"background-color":"var(--ast-global-color-5)","background-image":"","background-repeat":"repeat","background-position":"center center","background-size":"auto","background-attachment":"scroll","background-type":"","background-media":"","overlay-type":"","overlay-color":"","overlay-opacity":"","overlay-gradient":""}},"footnotes":""},"class_list":["post-39","page","type-page","status-publish","hentry"],"_links":{"self":[{"href":"https:\/\/latisserie-lormes.fr\/index.php\/wp-json\/wp\/v2\/pages\/39","targetHints":{"allow":["GET"]}}],"collection":[{"href":"https:\/\/latisserie-lormes.fr\/index.php\/wp-json\/wp\/v2\/pages"}],"about":[{"href":"https:\/\/latisserie-lormes.fr\/index.php\/wp-json\/wp\/v2\/types\/page"}],"author":[{"embeddable":true,"href":"https:\/\/latisserie-lormes.fr\/index.php\/wp-json\/wp\/v2\/users\/3"}],"replies":[{"embeddable":true,"href":"https:\/\/latisserie-lormes.fr\/index.php\/wp-json\/wp\/v2\/comments?post=39"}],"version-history":[{"count":18,"href":"https:\/\/latisserie-lormes.fr\/index.php\/wp-json\/wp\/v2\/pages\/39\/revisions"}],"predecessor-version":[{"id":698,"href":"https:\/\/latisserie-lormes.fr\/index.php\/wp-json\/wp\/v2\/pages\/39\/revisions\/698"}],"wp:attachment":[{"href":"https:\/\/latisserie-lormes.fr\/index.php\/wp-json\/wp\/v2\/media?parent=39"}],"curies":[{"name":"wp","href":"https:\/\/api.w.org\/{rel}","templated":true}]}}