{"id":336,"date":"2024-05-31T11:28:02","date_gmt":"2024-05-31T09:28:02","guid":{"rendered":"https:\/\/latisserie-lormes.fr\/?page_id=336"},"modified":"2024-06-27T14:35:19","modified_gmt":"2024-06-27T12:35:19","slug":"annexes","status":"publish","type":"page","link":"https:\/\/latisserie-lormes.fr\/index.php\/annexes\/","title":{"rendered":"Annexes"},"content":{"rendered":"\n<h2 class=\"wp-block-heading\">Fiche de poste Fabrique de Territoire<\/h2>\n\n\n\n<figure class=\"wp-block-image size-large\"><img loading=\"lazy\" decoding=\"async\" width=\"724\" height=\"1024\" src=\"https:\/\/latisserie-lormes.fr\/wp-content\/uploads\/2024\/05\/Fiche-de-poste-FDT-724x1024.jpg\" alt=\"\" class=\"wp-image-337\" srcset=\"https:\/\/latisserie-lormes.fr\/wp-content\/uploads\/2024\/05\/Fiche-de-poste-FDT-724x1024.jpg 724w, https:\/\/latisserie-lormes.fr\/wp-content\/uploads\/2024\/05\/Fiche-de-poste-FDT-212x300.jpg 212w, https:\/\/latisserie-lormes.fr\/wp-content\/uploads\/2024\/05\/Fiche-de-poste-FDT-768x1086.jpg 768w, https:\/\/latisserie-lormes.fr\/wp-content\/uploads\/2024\/05\/Fiche-de-poste-FDT.jpg 890w\" sizes=\"auto, (max-width: 724px) 100vw, 724px\" \/><\/figure>\n\n\n\n<figure class=\"wp-block-image size-full\"><img loading=\"lazy\" decoding=\"async\" width=\"979\" height=\"914\" src=\"https:\/\/latisserie-lormes.fr\/wp-content\/uploads\/2024\/05\/Fiche-poste-FDT-verso.jpg\" alt=\"\" class=\"wp-image-339\" srcset=\"https:\/\/latisserie-lormes.fr\/wp-content\/uploads\/2024\/05\/Fiche-poste-FDT-verso.jpg 979w, https:\/\/latisserie-lormes.fr\/wp-content\/uploads\/2024\/05\/Fiche-poste-FDT-verso-300x280.jpg 300w, https:\/\/latisserie-lormes.fr\/wp-content\/uploads\/2024\/05\/Fiche-poste-FDT-verso-768x717.jpg 768w\" sizes=\"auto, (max-width: 979px) 100vw, 979px\" \/><\/figure>\n\n\n\n<h2 class=\"wp-block-heading\">Comptes-rendus des comit\u00e9s de pilotage<\/h2>\n\n\n\n<p><a href=\"https:\/\/lormes.sharepoint.com\/:b:\/s\/mairie\/ESSomdAbiZ9JvWjBBm3lRSYB_BZ12ALbkhGelN52SbTKrw?e=m9QGM5\" target=\"_blank\" rel=\"noreferrer noopener\">211206-Presentation Lormes Fabrique de Territoire-Sabine Racine SGAR-a.pdf<\/a>&nbsp;<\/p>\n\n\n\n<p><a href=\"https:\/\/lormes.sharepoint.com\/:b:\/s\/mairie\/ETlXcz72RQZIhgA89JA9UvIB_Pug8PPiNsOS78u04bWYZw?e=ReK2U7\" target=\"_blank\" rel=\"noreferrer noopener\">211210-Presentation Avancement Lormes Fabrique de Territoire-b.pdf<\/a>&nbsp;<\/p>\n\n\n\n<p><a href=\"https:\/\/lormes.sharepoint.com\/:b:\/s\/mairie\/EVJX97ViBKBBvtqLFY5PFhIBs9uvwuxEeWOIxSTsqrFFxQ?e=Qc35nv\" target=\"_blank\" rel=\"noreferrer noopener\">220117-Presentation Copil Fabrique de Territoire-a.pdf<\/a>&nbsp;&nbsp;<\/p>\n\n\n\n<p><a href=\"https:\/\/lormes.sharepoint.com\/:b:\/s\/mairie\/EU6YuYy8YFZFrhkbw-iKk8oBRTPRyOlvJKS28nGwobb1uQ?e=WJescI\" target=\"_blank\" rel=\"noreferrer noopener\">220307-Presentation Copil Fabrique de Territoire-b.pdf<\/a>&nbsp;&nbsp;<\/p>\n\n\n\n<p><a href=\"https:\/\/lormes.sharepoint.com\/:b:\/s\/mairie\/EQvmRxcHy8JMo1g1QUyv85wBI3Y8ZxXhuM8JsbX15cOVJA?e=KonODX\" target=\"_blank\" rel=\"noreferrer noopener\">220516-Presentation Copil Fabrique de Territoire-a.pdf<\/a>&nbsp;&nbsp;<\/p>\n\n\n\n<p><a href=\"https:\/\/lormes.sharepoint.com\/:b:\/s\/mairie\/EQl1RkX8RQhHs6S15mFmXNUBno0dK93Dw-qcPwDevRwsgg?e=pRgi9I\" target=\"_blank\" rel=\"noreferrer noopener\">220516-Compte rendu Copil Fabrique de Territoire-a.pdf<\/a>&nbsp;&nbsp;<\/p>\n\n\n\n<p><a href=\"https:\/\/lormes.sharepoint.com\/:b:\/s\/mairie\/Edghlkq1-0ZKnh2xdNuwGPMB75NDqovs3PZmTQHmwVu61w?e=J2H4Dz\" target=\"_blank\" rel=\"noreferrer noopener\">220616-Presentation Copil Fabrique de Territoire-b.pdf<\/a>&nbsp;&nbsp;<\/p>\n\n\n\n<p><a href=\"https:\/\/lormes.sharepoint.com\/:b:\/s\/mairie\/ESDxmGCt0FhIpwsTAo3vfhUBegiM_hhK5i_KDP3NKpx_Vg?e=EXXpo6\" target=\"_blank\" rel=\"noreferrer noopener\">220616-Compte rendu Copil Fabrique de Territoire-b.pdf<\/a>&nbsp;&nbsp;<\/p>\n\n\n\n<p><a href=\"https:\/\/lormes.sharepoint.com\/:b:\/s\/mairie\/EaOJcx-LWLtCu4boKLrDW54B5vbqk75SSlywxZt0G7pZ0Q?e=0zIgSh\" target=\"_blank\" rel=\"noreferrer noopener\">220704-Presentation Copil Fabrique de Territoire-a.pdf<\/a>&nbsp;&nbsp;<\/p>\n\n\n\n<p><a href=\"https:\/\/lormes.sharepoint.com\/:b:\/s\/mairie\/ESyK3K1kECpLlzohAigJyEYBDyvnBRSldYELW1_bXXgt5w?e=65SGmQ\" target=\"_blank\" rel=\"noreferrer noopener\">220905-Presentation Copil Fabrique de Territoire-a.pdf<\/a>&nbsp;&nbsp;<\/p>\n\n\n\n<p><a href=\"https:\/\/lormes.sharepoint.com\/:b:\/s\/mairie\/EXSSV8iPaUtJt4v8mpcg3KcBEQUNdgbKwZ7DxQjZG7l1gA?e=uPeCLP\" target=\"_blank\" rel=\"noreferrer noopener\">221003-Presentation Copil Fabrique de Territoire-b.pdf<\/a>&nbsp;&nbsp;<\/p>\n\n\n\n<p><a href=\"https:\/\/lormes.sharepoint.com\/:b:\/s\/mairie\/EX5YrUN8tm5HmVCbyy7zl7EBKlUrBkOv0_L8l9TJAqwhHg?e=yOmbbM\" target=\"_blank\" rel=\"noreferrer noopener\">221124-Presentation Copil Fabrique de Territoire-a.pdf<\/a>&nbsp;<\/p>\n\n\n\n<p><a href=\"https:\/\/lormes.sharepoint.com\/:b:\/s\/mairie\/EeisAmJ9-chPgoQc5TKVPl8BChVbC0Ofm5xdpP5pkcDidg?e=kP9row\" target=\"_blank\" rel=\"noreferrer noopener\">221205-Presentation Copil Fabrique de Territoire-a.pdf<\/a>&nbsp;<\/p>\n\n\n\n<p><a href=\"https:\/\/lormes.sharepoint.com\/:b:\/s\/mairie\/ESM1mm2_4e1LgPiSoloLmRUBMNG6O2_WIoAn3zAL4t0oHw?e=E5Haa0\" target=\"_blank\" rel=\"noreferrer noopener\">230109-Presentation Copil Fabrique de Territoire-a.pdf<\/a>&nbsp;&nbsp;<\/p>\n\n\n\n<p><a href=\"https:\/\/lormes.sharepoint.com\/:b:\/s\/mairie\/EdaOIesP-tVMhnO6iWUwvTcBppNAOw46MAK3WkH3jR6uDg?e=HoMFIz\" target=\"_blank\" rel=\"noreferrer noopener\">230206-Presentation Copil Fabrique de Territoire-a.pdf<\/a>&nbsp;<\/p>\n\n\n\n<p><a href=\"https:\/\/lormes.sharepoint.com\/:b:\/s\/mairie\/EST24erXZcZEqr4mnWolHzwBrrJgyIhya02vHMR_xrwnhQ?e=pDeFEs\" target=\"_blank\" rel=\"noreferrer noopener\">230306-Presentation Copil Fabrique de Territoire-a.pdf<\/a>&nbsp;<\/p>\n\n\n\n<p><a href=\"https:\/\/lormes.sharepoint.com\/:b:\/s\/mairie\/EUv_eoytostFpApOFyWf544Bf93OGyhd6FBxDdHoqhQz4w?e=H0jYGc\" target=\"_blank\" rel=\"noreferrer noopener\">230403-Presentation Copil Fabrique de Territoire-a.pdf<\/a>&nbsp;<\/p>\n\n\n\n<p><a href=\"https:\/\/lormes.sharepoint.com\/:b:\/s\/mairie\/Eb7cq_6qrQBBqqe-PznwrNMB_TPwPbEAAcUTq3flZqkRnw?e=JIHAYN\" target=\"_blank\" rel=\"noreferrer noopener\">230605-Presentation Copil Fabrique de Territoire-a.pdf<\/a>&nbsp;<\/p>\n\n\n\n<p><a href=\"https:\/\/lormes.sharepoint.com\/:b:\/s\/mairie\/ERa2sXCVQfVDtMJFj0Ud1lQB2THpnhJJC7qr6B4yOOfd3A?e=f0DSfq\" target=\"_blank\" rel=\"noreferrer noopener\">230703-Presentation Copil Fabrique de Territoire-b.pdf<\/a>&nbsp;<\/p>\n\n\n\n<p><a href=\"https:\/\/lormes.sharepoint.com\/:b:\/s\/mairie\/EanxtytAw5lMtIEjMYCIemUBALdqWNz0G4OPFCzVxSmrxQ?e=xJLpem\" target=\"_blank\" rel=\"noreferrer noopener\">230901-Presentation Copil Fabrique de Territoire-b.pdf<\/a>&nbsp;<\/p>\n\n\n\n<p><a href=\"https:\/\/lormes.sharepoint.com\/:b:\/s\/mairie\/Ef-UNoPjqitCrbsmS3tnm18BZdV5OvPhxOs8XPMnL_NMvg?e=DMIsR7\" target=\"_blank\" rel=\"noreferrer noopener\">231002-evaluation tisserie-b.pdf<\/a>&nbsp;<\/p>\n\n\n\n<h2 class=\"wp-block-heading\">Notes d&rsquo;avancement des activit\u00e9s<\/h2>\n\n\n\n<p><a href=\"https:\/\/lormes.sharepoint.com\/:b:\/s\/mairie\/Ea2kbNOzPGpDh_fmbuwcwMMBzszXlHV_cTVM-Ep3y3jd3A?e=NCW2gy\" target=\"_blank\" rel=\"noreferrer noopener\">220331-Lettre Info Tiers Lieu Lormes.pdf<\/a>&nbsp;<\/p>\n\n\n\n<p><a href=\"https:\/\/lormes.sharepoint.com\/:b:\/s\/mairie\/EZBmbfna209Knv4StSjNfgUBM82PLh0QCYASQsaW7hvXaA?e=TpqlmB\" target=\"_blank\" rel=\"noreferrer noopener\">220516-Lettre Info Tiers Lieu Lormes.pdf<\/a>&nbsp;<\/p>\n\n\n\n<p><a href=\"https:\/\/lormes.sharepoint.com\/:b:\/s\/mairie\/EbrM6InHlwRCiqpkD5FH76UBCsDr0dGnbiyJzl-NnHaPVA?e=fIh8iE\" target=\"_blank\" rel=\"noreferrer noopener\">220616-Lettre Info Tiers Lieu Lormes.pdf<\/a>&nbsp;<\/p>\n\n\n\n<p><a href=\"https:\/\/lormes.sharepoint.com\/:b:\/s\/mairie\/EaDXdpS1aypHtL5fT1D8DzgBKvJ16MAyBjKaxsdr1d-5AA?e=OsBRj9\" target=\"_blank\" rel=\"noreferrer noopener\">220701-Lettre Info Tiers Lieu Lormes.pdf<\/a>&nbsp;<\/p>\n\n\n\n<p><a href=\"https:\/\/lormes.sharepoint.com\/:b:\/s\/mairie\/EajECOrsAGdEm1L8JNd3ANcBhosNFhay5lmf9FFUZ-AUvQ?e=2tGgpO\" target=\"_blank\" rel=\"noreferrer noopener\">221003-Lettre Info Tiers Lieu Lormes-a.pdf<\/a>&nbsp;<\/p>\n\n\n\n<p><a href=\"https:\/\/lormes.sharepoint.com\/:b:\/s\/mairie\/EcrOoDh-PFdHgUd1zMWfteQBQoPQayeEyE86JIhyjokUGQ?e=hd3SL0\" target=\"_blank\" rel=\"noreferrer noopener\">221031-Lettre Info Tiers Lieu Lormes-a.pdf<\/a>&nbsp;<\/p>\n\n\n\n<p><a href=\"https:\/\/lormes.sharepoint.com\/:b:\/s\/mairie\/EWa9vvUeP4tFtAcPCrPmPSABekDMTh7Ae983onX8rcRFDA?e=42mztf\" target=\"_blank\" rel=\"noreferrer noopener\">221130-Lettre Info Tiers Lieu Lormes-a.pdf<\/a>&nbsp;<\/p>\n\n\n\n<p><a href=\"https:\/\/lormes.sharepoint.com\/:b:\/s\/mairie\/EWqm19VyoRxAvYYkdXcUxNIB0oqqgGQYtNP7dy9GdHdY6Q?e=F5AGbD\" target=\"_blank\" rel=\"noreferrer noopener\">221231-Lettre Info Tiers Lieu Lormes-a.pdf<\/a>&nbsp;<\/p>\n\n\n\n<p><a href=\"https:\/\/lormes.sharepoint.com\/:b:\/s\/mairie\/EXMG3znLbUVIgwA2vNXrFJQBKFdAGqoaCUU6--nXb8aiGQ?e=RsYTO5\" target=\"_blank\" rel=\"noreferrer noopener\">230131-Lettre Info Tiers Lieu Lormes-a.pdf<\/a>&nbsp;<\/p>\n\n\n\n<p><a href=\"https:\/\/lormes.sharepoint.com\/:b:\/s\/mairie\/EctwGEPPad5PnwbKwGu32UABOhECNODqxy_Z-d1izkOoSA?e=SzOvQy\" target=\"_blank\" rel=\"noreferrer noopener\">230228-Lettre Info Tiers Lieu Lormes-b.pdf<\/a>&nbsp;<\/p>\n\n\n\n<p><a href=\"https:\/\/lormes.sharepoint.com\/:b:\/s\/mairie\/EQI1r_OhYQpCqYPZ8ks2SagBv5SMq9tMer8wzczFfrjYiw?e=o6TkH7\" target=\"_blank\" rel=\"noreferrer noopener\">230331-Lettre Info Tiers Lieu Lormes-a.pdf<\/a>&nbsp;<\/p>\n\n\n\n<p><a href=\"https:\/\/lormes.sharepoint.com\/:b:\/s\/mairie\/EakCOLGfhhxPl9xJse53OYQB7CijXwkAr_CA_6NxOvXgZQ?e=BH3BRV\" target=\"_blank\" rel=\"noreferrer noopener\">230430-Lettre Info Tiers Lieu Lormes-a.pdf<\/a>&nbsp;<\/p>\n\n\n\n<p><a href=\"https:\/\/lormes.sharepoint.com\/:b:\/s\/mairie\/EdisI9DIvDVAstRGCbNfFXwBIIkld5e5F-8P6ftS4PEP5A?e=t4mCh3\" target=\"_blank\" rel=\"noreferrer noopener\">230531-Lettre Info Tiers Lieu Lormes-a.pdf<\/a>&nbsp;<\/p>\n\n\n\n<p><a href=\"https:\/\/lormes.sharepoint.com\/:b:\/s\/mairie\/ERtoXTbuUK9NrinwmvU4bEoBldQaKYpBqXObCrop_qDU9Q?e=VW8DYq\" target=\"_blank\" rel=\"noreferrer noopener\">230630-Lettre Info Tiers Lieu Lormes-a.pdf<\/a>&nbsp;<\/p>\n\n\n\n<p><a href=\"https:\/\/lormes.sharepoint.com\/:b:\/s\/mairie\/EdREC1v-fQhDvrPsjmzBlcsB4tSv9UJsKdKNEnMKkbjKvQ?e=hPq1o4\" target=\"_blank\" rel=\"noreferrer noopener\">230831-Lettre Info Tiers Lieu Lormes-a.pdf<\/a>&nbsp;<\/p>\n\n\n\n<p><a href=\"https:\/\/lormes.sharepoint.com\/:b:\/s\/mairie\/EZG0WCDxotlPpS4ooaWa5p8BJOujaJeGrkAbDEAGYewi4Q?e=i7DX9q\" target=\"_blank\" rel=\"noreferrer noopener\">231121-Lettre Info Tiers Lieu Lormes-a.pdf<\/a>&nbsp;<\/p>\n\n\n\n<p><a href=\"https:\/\/lormes.sharepoint.com\/:b:\/s\/mairie\/EQFrkw2HueVIoy2QGHnELfEBuXPy4T-UptGCbi3pOUqMfA?e=RS6L5m\" target=\"_blank\" rel=\"noreferrer noopener\">240115-Lettre Info Tiers Lieu Lormes-a.pdf<\/a>&nbsp;<\/p>\n\n\n\n<p><a href=\"https:\/\/lormes.sharepoint.com\/:b:\/s\/mairie\/ETDIIK9Ee39GvNxuQ6tC4bkBmiELWo5_fiLs1ID6W6WLCg?e=w4YP8a\" target=\"_blank\" rel=\"noreferrer noopener\">240229-Lettre Info Tiers Lieu Lormes-a.pdf<\/a>&nbsp;<\/p>\n\n\n\n<h2 class=\"wp-block-heading\">Liste des publications \u00e9crites, audio et vid\u00e9o <\/h2>\n\n\n\n<p><strong>Articles<\/strong><\/p>\n\n\n\n<p><a href=\"https:\/\/lormes.sharepoint.com\/:b:\/s\/mairie\/EZA3kxAuzjNGj0n9AD_3dAcBZVcmiRatdaKsn_kbeDKZBg?e=JeRkCO\" target=\"_blank\" rel=\"noreferrer noopener\">211104-JDC-Tiers Lieu en EHPAD.pdf<\/a>&nbsp;&nbsp;<\/p>\n\n\n\n<p><a href=\"https:\/\/lormes.sharepoint.com\/:b:\/s\/mairie\/EVhsN1UVab1Gtd0R0X9t6PoBGS1mDpMAajxNxIJssGhT8A?e=ApxsLl\" target=\"_blank\" rel=\"noreferrer noopener\">220127-LES NOUVELLES DE LORMES-tiers lieux.pdf<\/a>&nbsp;<\/p>\n\n\n\n<p><a href=\"https:\/\/lormes.sharepoint.com\/:b:\/s\/mairie\/EfcoS06s3WlHkoir3YN7xOEBUQEJJuQ-EiltESNtk_BUDQ?e=fYHNGx\" target=\"_blank\" rel=\"noreferrer noopener\">220214-JDC-Tiers Lieu Lormes.PDF<\/a>&nbsp;<\/p>\n\n\n\n<p><a href=\"https:\/\/lormes.sharepoint.com\/:b:\/s\/mairie\/EUwJN9CS8ORGkOhzdAYsWlQBSYIUvEy8GmWWMPTbzDTHHw?e=xV9n4W\" target=\"_blank\" rel=\"noreferrer noopener\">220709-Parcours Galeries JDC.pdf<\/a>&nbsp;<\/p>\n\n\n\n<p><a href=\"https:\/\/lormes.sharepoint.com\/:b:\/s\/mairie\/EYiyNpwsCZlKmoGsGnixup0BxN-ci2kEAG3QZhyC8FHe2g?e=L3uvLF\" target=\"_blank\" rel=\"noreferrer noopener\">220802-Article TL en EHPAD JDC.pdf<\/a>&nbsp;<\/p>\n\n\n\n<p><a href=\"https:\/\/lormes.sharepoint.com\/:i:\/s\/mairie\/EW07gBYMEw5FtebfVJz-LooBBvujxB2pOYvJnf-hTRnatg?e=0vvc9r\" target=\"_blank\" rel=\"noreferrer noopener\">221213-Article JDC TL en EHPAD.jpg<\/a>&nbsp;<\/p>\n\n\n\n<p><a href=\"https:\/\/lormes.sharepoint.com\/:b:\/s\/mairie\/ERMKzhxFPk9Oop4agraHRFABe3HgKW0aU7pw056fFI6G1Q?e=yJutxY\" target=\"_blank\" rel=\"noreferrer noopener\">221231-Nouvelles de Lormes Tisserie.pdf<\/a>&nbsp;<\/p>\n\n\n\n<p><a href=\"https:\/\/lormes.sharepoint.com\/:b:\/s\/mairie\/EUaifQVm3yVGvNG2vc0ABBkBxKR558xIzOQgsfEn6tNvdw?e=Xjton6\" target=\"_blank\" rel=\"noreferrer noopener\">230219-Article le monde tiers lieux-Lormes-LaTisserie.pdf<\/a>&nbsp;&nbsp;<\/p>\n\n\n\n<p><a href=\"https:\/\/lormes.sharepoint.com\/:b:\/s\/mairie\/EWNdoeiSkHFJhX2GKtKXcmgBu2ifN-lGa52JiN---6NI6Q?e=9ZoIWQ\" target=\"_blank\" rel=\"noreferrer noopener\">230608-Lormes cite Tiers Lieu TL4EU-a.pdf<\/a>&nbsp;<\/p>\n\n\n\n<p><a href=\"https:\/\/www.facebook.com\/vyvfestival\/videos\/2567496546722280\" target=\"_blank\" rel=\"noreferrer noopener\">230611-Face cam\u00e9ra SPARSE (Facebook)<\/a>&nbsp;<\/p>\n\n\n\n<p><a href=\"https:\/\/lormes.sharepoint.com\/:b:\/s\/mairie\/ES3F-nZXOapNsInGR9SlUtwBTptItjUnfzj8V06lBck3HQ?e=p0ethL\" target=\"_blank\" rel=\"noreferrer noopener\">230731-village magazine.pdf<\/a>&nbsp;<\/p>\n\n\n\n<p><a href=\"https:\/\/lormes.sharepoint.com\/:b:\/s\/mairie\/EQiONUTgnhhMqqDM05e_2CsBRA3xwfN8984mzckiAFwDrg?e=4ZdTyl\" target=\"_blank\" rel=\"noreferrer noopener\">230920-vents du morvan.pdf<\/a>&nbsp;<\/p>\n\n\n\n<p>Article Festival VYV Dijon (\u00e0 ajouter)&nbsp;<\/p>\n\n\n\n<p><a href=\"https:\/\/lormes.sharepoint.com\/:b:\/s\/mairie\/Ea4AXNryiA1KkiZe82oX0pkBMNn0dUjVoRzOPRMO3wmSNw?e=4Xrl9u\" target=\"_blank\" rel=\"noreferrer noopener\">231027-ITW AYMERIC SERON &#8211; Penser la ville comme un Tiers-Lieu.pdf<\/a>&nbsp;&nbsp;<\/p>\n\n\n\n<p><a href=\"https:\/\/lormes.sharepoint.com\/:i:\/s\/mairie\/EflfodimmPFMq1VsKJymivYBH4HLmYYky2hQ6Fl1NzhyBA?e=PSlZjN\" target=\"_blank\" rel=\"noreferrer noopener\">240201-article JDC Deffinord Morvan.jpg<\/a>&nbsp;<\/p>\n\n\n\n<p><a href=\"https:\/\/lormes.sharepoint.com\/:i:\/s\/mairie\/ESVDNr7nX1JKgVF4WOKAKE4BvY1yn4HlE0rh9LIxsE0y4A?e=4cUPhk\" target=\"_blank\" rel=\"noreferrer noopener\">231228-article Tisserie JDC.jpg<\/a>&nbsp;<\/p>\n\n\n\n<p><a href=\"https:\/\/lormes.sharepoint.com\/:b:\/s\/mairie\/ET9sPuR-ztxGniE9mNV1U6IBkEomj8IvMYiBjI4PS6td9w?e=8sqkNT\" target=\"_blank\" rel=\"noreferrer noopener\">231231-Nouvelles Lormes-Tisserie.pdf<\/a>&nbsp;<\/p>\n\n\n\n<p><a href=\"https:\/\/lormes.sharepoint.com\/:b:\/s\/mairie\/EV0dzP91ZTlPrlovVkV00T8BMkdBSanqfpCAIrIgeErZCA?e=DIq1aG\" target=\"_blank\" rel=\"noreferrer noopener\">230427-Rencontre fabrique de territoire Lormes-article TL BFC.pdf<\/a>&nbsp;<\/p>\n\n\n\n<p><a href=\"https:\/\/lormes.sharepoint.com\/:b:\/s\/mairie\/EVhsN1UVab1Gtd0R0X9t6PoBGS1mDpMAajxNxIJssGhT8A?e=jjsUBd\" target=\"_blank\" rel=\"noreferrer noopener\">220127-LES NOUVELLES DE LORMES-tiers lieux.pdf<\/a>&nbsp;&nbsp;<\/p>\n\n\n\n<p><a href=\"https:\/\/lormes.sharepoint.com\/:b:\/s\/mairie\/Eb9JI25YGOtGk5xf0Fooe4sBFdw1O0ZcMLOUtysjEGpD6w?e=8fVKfG\" target=\"_blank\" rel=\"noreferrer noopener\">240331-Journee TL58 jdc-annonce evenement.PDF<\/a>&nbsp;<\/p>\n\n\n\n<p><a href=\"https:\/\/lormes.sharepoint.com\/:b:\/s\/mairie\/EWBPicwGDkdMsiDOZ9s8xz0BvvjCPRX7TZ7VAg20cSzmHg?e=cN9wlv\" target=\"_blank\" rel=\"noreferrer noopener\">240411-Journee TL58 jdc-avenir des tiers lieux.pdf<\/a>&nbsp;<\/p>\n\n\n\n<p><strong>Podcast <\/strong><\/p>\n\n\n\n<p><a href=\"https:\/\/www.radiofrance.fr\/franceinter\/podcasts\/interception\/interception-du-dimanche-03-avril-2022-7816703\" target=\"_blank\" rel=\"noreferrer noopener\">Exode urbain : Aux arbres citadins (podcast Interception FranceInter 3\/04\/22)<\/a>&nbsp;<\/p>\n\n\n\n<p><a href=\"https:\/\/lormes.sharepoint.com\/:u:\/s\/mairie\/EVhM9HUWMzpOjjfwaKuboQ8BtnQ7mu0WkaCpJhJS3l-SKQ?e=ofRz7d\" target=\"_blank\" rel=\"noreferrer noopener\">La Ruralit\u00e9 : un laboratoire des transitions ? (podcast des journ\u00e9es de l&rsquo;\u00e9conomie autrement)<\/a> 26\/11\/2022&nbsp;<\/p>\n\n\n\n<p><a href=\"https:\/\/lormes.sharepoint.com\/:u:\/s\/mairie\/EZ5AE0ow4Q1EiD7BBGqOwUYBTWryQKpV5Zj_3WZx953SIQ?e=283Oga\" target=\"_blank\" rel=\"noreferrer noopener\">230504-Interview relais des futurs radio flotteur.wav<\/a>&nbsp;<\/p>\n\n\n\n<p><a href=\"https:\/\/lormes.sharepoint.com\/:u:\/s\/mairie\/Eeig_An6T-1JkoytdssLEvQB5KW3Fke45B9eI1wgVywv2w?e=n0kgGx\" target=\"_blank\" rel=\"noreferrer noopener\">230814-interview TL en ehpad radiomorvan.mp3<\/a>&nbsp;&nbsp;<\/p>\n\n\n\n<p><a href=\"https:\/\/lormes.sharepoint.com\/:u:\/s\/mairie\/EaQXPruq_PpCgpmnosbWFugBLUU3hMrkLLkRnUxwpkXOOg?e=zcAnvp\" target=\"_blank\" rel=\"noreferrer noopener\">240405-interview radio morvan pour journee TL 58.mp3<\/a>&nbsp;&nbsp;<\/p>\n\n\n\n<p><a href=\"https:\/\/lormes.sharepoint.com\/:u:\/s\/mairie\/EYuVW5Hm86JNou7lrsFERT4BnaWrbSZ_o4koFrrXxJlq5g?e=qYg3hz\" target=\"_blank\" rel=\"noreferrer noopener\">240129-interview Deffinord radio morvan.mp3<\/a>&nbsp;<\/p>\n\n\n\n<p>Podcast journ\u00e9e TL 58 2024&nbsp;<\/p>\n\n\n\n<p><strong>Vid\u00e9o <\/strong><\/p>\n\n\n\n<p><a href=\"https:\/\/lormes.sharepoint.com\/:v:\/s\/mairie\/EcKrxRok6U5HnCdFb4OANycBHJ4ssnSRE91MiVOYp1LbkA?e=ECA6GB\" target=\"_blank\" rel=\"noreferrer noopener\">La Tisserie-Fabrique de Territoire-LORMES v3.mp4<\/a>&nbsp; (par le r\u00e9seau des TL en Bourgogne Franche Comt\u00e9 2023)&nbsp;<\/p>\n\n\n\n<p><a href=\"https:\/\/lormes.sharepoint.com\/:v:\/s\/mairie\/EYii-xo1BfpBhHyMZKEKQP0BPxCi7d8clTz8dNvTuNvddA?e=guycVw\" target=\"_blank\" rel=\"noreferrer noopener\">Reportage JT France 2 Tiers-lieux Lormes.mp4<\/a>&nbsp;<\/p>\n\n\n\n<p><a href=\"https:\/\/lormes.sharepoint.com\/:v:\/s\/mairie\/ERlCDrpF7dNEpLennfynM5cB1jYEcuFUOYQ6M6qUCc1I0w?e=oTSNXJ\" target=\"_blank\" rel=\"noreferrer noopener\">Vid\u00e9o presentation Festival VYV<\/a> (par Sophie Jou\u00ebt)&nbsp;<\/p>\n\n\n\n<p><a href=\"https:\/\/lormes.sharepoint.com\/:v:\/s\/mairie\/EVnl0KPTvKROuz7_noJ9l54BOh1JUE7_iJeWxe5yPyn6hw?e=V7emx4\" target=\"_blank\" rel=\"noreferrer noopener\">V2 Fabrique de territoire-230515-b.mp4<\/a> (vid\u00e9o de Mars Den Dikken)&nbsp;<\/p>\n\n\n\n<p>Vid\u00e9o interview Sophie Festival VYV&nbsp;<\/p>\n\n\n\n<p>Video compilation du festival VYV&nbsp;<\/p>\n\n\n\n<p>Webinaire France Tiers-lieux&nbsp;<\/p>\n\n\n\n<p><a href=\"https:\/\/lormes.sharepoint.com\/:v:\/s\/mairie\/EUsW2Af1sJNNqzqqivn5bMcBn3FACYudA_YL2ZUmLWhkQQ?e=gGGgIm\" target=\"_blank\" rel=\"noreferrer noopener\">240405-video journee TL nivernais courte.mp4<\/a>&nbsp;<\/p>\n\n\n\n<p><a href=\"https:\/\/lormes.sharepoint.com\/:v:\/s\/mairie\/EXe2Rh-nZ_pIt4NrJS53nEEB-lmnY16UyjFOrClqd-W4Ew?e=bMry3D\" target=\"_blank\" rel=\"noreferrer noopener\">240405-video journee TL nivernais longue.mp4<\/a>&nbsp;<\/p>\n\n\n\n<h2 class=\"wp-block-heading\">Pr\u00e9sentation et documents du projet \u00ab\u00a0Tiers-lieu en EHPAD\u00a0\u00bb<\/h2>\n\n\n\n<p><strong>Dossier candidature<\/strong><\/p>\n\n\n\n<p><a href=\"https:\/\/lormes.sharepoint.com\/:b:\/s\/mairie\/ER9TLtMrldRJnn0z5eK3cKQBDduN6BfO2NEweD7ShcrYdg?e=iH5lCk\" target=\"_blank\" rel=\"noreferrer noopener\">dossier_candidature_aap_tiers_lieux-EHPAD Lormes-211105-b-final.pdf<\/a>&nbsp;<\/p>\n\n\n\n<p><a href=\"https:\/\/lormes.sharepoint.com\/:b:\/s\/mairie\/EX2FDf6SP-ZCmnlYyWcxyHsBIyor-hXs-4YEKhxsG4MRkg?e=tengHt\" target=\"_blank\" rel=\"noreferrer noopener\">Presentation Projet Tiers-Lieu en EHPAD-211021-a.pdf<\/a>&nbsp;<\/p>\n\n\n\n<p><strong>Comit\u00e9 de pilotage<\/strong><\/p>\n\n\n\n<p><a href=\"https:\/\/lormes.sharepoint.com\/:b:\/s\/mairie\/ET8SzbOro1JNg0bNyTTZMnEBLZXSXSbzQ0ycgvs5urtz1w?e=ZLgPAA\" target=\"_blank\" rel=\"noreferrer noopener\">220401-Comite pilotage Projet Tiers Lieu EHPAD-a.pdf<\/a>&nbsp;<\/p>\n\n\n\n<p><a href=\"https:\/\/lormes.sharepoint.com\/:b:\/s\/mairie\/EfN-vySGDylFkV5iiJjjB3MBMV7grY9fKZBL_AdGKXsHgg?e=3mAy1M\" target=\"_blank\" rel=\"noreferrer noopener\">220520-Comite pilotage Projet Tiers Lieu EHPAD-a.pdf<\/a>&nbsp;<\/p>\n\n\n\n<p><a href=\"https:\/\/lormes.sharepoint.com\/:b:\/s\/mairie\/Eb4_IEZ0jNNAob51Cirl0vYBS1H4reVxFjGYtqJ78H3Nlg?e=p9rMKe\" target=\"_blank\" rel=\"noreferrer noopener\">220616-Comite pilotage Projet Tiers Lieu EHPAD-a.pdf<\/a>&nbsp;<\/p>\n\n\n\n<p><a href=\"https:\/\/lormes.sharepoint.com\/:b:\/s\/mairie\/ESV25YOHqO9FnsTJCAdvp7gBbXv_blSW_ELThvlM2usGlA?e=55pnE2\" target=\"_blank\" rel=\"noreferrer noopener\">221014-Comite pilotage Projet Tiers Lieu EHPAD-a.pdf<\/a>&nbsp;<\/p>\n\n\n\n<p><a href=\"https:\/\/lormes.sharepoint.com\/:b:\/s\/mairie\/EQDqiTbFthhDg5ronIe-EBEB5R-tfN4lxuXfq1uiknPryw?e=ZuAKhS\" target=\"_blank\" rel=\"noreferrer noopener\">230530-Comite pilotage Projet Tiers Lieu EHPAD-b.pdf<\/a>&nbsp;<\/p>\n\n\n\n<p><a href=\"https:\/\/lormes.sharepoint.com\/:b:\/s\/mairie\/EdMkQFvOZzhGmsmwVNUWXgIB19Psz1NI_bnS1bhyRb6Bdg?e=nGSsUm\" target=\"_blank\" rel=\"noreferrer noopener\">230915-Point info comite pilotage Projet Tiers Lieu EHPAD-a.pdf<\/a>&nbsp;<\/p>\n\n\n\n<p><a href=\"https:\/\/lormes.sharepoint.com\/:b:\/s\/mairie\/EaFVe8dhBulJjgTL6BJZpY8BGmE8i0aMD4vJigkpBovFpw?e=zpJOVp\" target=\"_blank\" rel=\"noreferrer noopener\">240129-Point info comite pilotage Projet Tiers Lieu EHPAD-c.pdf<\/a>&nbsp;<\/p>\n\n\n\n<p><strong>Outils communication divers<\/strong><\/p>\n\n\n\n<p><a href=\"https:\/\/lormes.sharepoint.com\/:b:\/s\/mairie\/EcwpaP7Fpd9CrBoqSnExql0BtCg1KJmGQLvB8AHKHshAyA?e=Yf2Wz6\" target=\"_blank\" rel=\"noreferrer noopener\">220704-Reunion publique Projet Tiers Lieu EHPAD-a.pdf<\/a>&nbsp;<\/p>\n\n\n\n<p><a href=\"https:\/\/lormes.sharepoint.com\/:b:\/s\/mairie\/EamWXskEyzRJn58SYy-4p7wBCoaAQBAkZw6aYAEb8_DwGg?e=46rcZg\" target=\"_blank\" rel=\"noreferrer noopener\">221217-Brochure marche noel Tiers Lieu EHPAD-numerique-a.pdf<\/a>&nbsp;<\/p>\n\n\n\n<p><a href=\"https:\/\/lormes.sharepoint.com\/:b:\/s\/mairie\/EcZVcOET_8NMoP7avBlN_5sB8z-LWuMEhkgpb0kmwcUZKw?e=5VAOCA\" target=\"_blank\" rel=\"noreferrer noopener\">240215-Presentation TL Ehpad cuisine partagee.pdf<\/a>&nbsp;<\/p>\n\n\n\n<p><a href=\"https:\/\/lormes.sharepoint.com\/:b:\/s\/mairie\/EU26gRQcyrNOlCEh5bPbq4YB6b5u4he9NvofhnAwK9zAGg?e=HhJbRy\" target=\"_blank\" rel=\"noreferrer noopener\">230418-Presentation projet creation communaute utilisateur.pdf<\/a>&nbsp;<\/p>\n\n\n\n<p><a href=\"https:\/\/lormes.sharepoint.com\/sites\/mairie\/Documents%20partages\/Commun\/TISSERIE\/Projet\/210921-Tiers%20Lieu%20dans%20mon%20EHPAD\/230223-Communication\/240222%20Liste%20utilisateurs%20potentiels%20cuisine%20partag%C3%A9e.xlsx\">240222 &#8211; Tableau potentiels utilisateurs cuisine partag\u00e9e<\/a><\/p>\n\n\n\n<p><\/p>\n","protected":false},"excerpt":{"rendered":"<p>Fiche de poste Fabrique de Territoire Comptes-rendus des comit\u00e9s de pilotage 211206-Presentation Lormes Fabrique de Territoire-Sabine Racine SGAR-a.pdf&nbsp; 211210-Presentation Avancement Lormes Fabrique de Territoire-b.pdf&nbsp; 220117-Presentation Copil Fabrique de Territoire-a.pdf&nbsp;&nbsp; 220307-Presentation Copil Fabrique de Territoire-b.pdf&nbsp;&nbsp; 220516-Presentation Copil Fabrique de Territoire-a.pdf&nbsp;&nbsp; 220516-Compte rendu Copil Fabrique de Territoire-a.pdf&nbsp;&nbsp; 220616-Presentation Copil Fabrique de Territoire-b.pdf&nbsp;&nbsp; 220616-Compte rendu Copil Fabrique de [&hellip;]<\/p>\n","protected":false},"author":4,"featured_media":0,"parent":0,"menu_order":0,"comment_status":"closed","ping_status":"closed","template":"","meta":{"site-sidebar-layout":"default","site-content-layout":"","ast-site-content-layout":"default","site-content-style":"default","site-sidebar-style":"default","ast-global-header-display":"","ast-banner-title-visibility":"","ast-main-header-display":"","ast-hfb-above-header-display":"","ast-hfb-below-header-display":"","ast-hfb-mobile-header-display":"","site-post-title":"","ast-breadcrumbs-content":"","ast-featured-img":"","footer-sml-layout":"","theme-transparent-header-meta":"","adv-header-id-meta":"","stick-header-meta":"","header-above-stick-meta":"","header-main-stick-meta":"","header-below-stick-meta":"","astra-migrate-meta-layouts":"set","ast-page-background-enabled":"default","ast-page-background-meta":{"desktop":{"background-color":"var(--ast-global-color-4)","background-image":"","background-repeat":"repeat","background-position":"center center","background-size":"auto","background-attachment":"scroll","background-type":"","background-media":"","overlay-type":"","overlay-color":"","overlay-opacity":"","overlay-gradient":""},"tablet":{"background-color":"","background-image":"","background-repeat":"repeat","background-position":"center center","background-size":"auto","background-attachment":"scroll","background-type":"","background-media":"","overlay-type":"","overlay-color":"","overlay-opacity":"","overlay-gradient":""},"mobile":{"background-color":"","background-image":"","background-repeat":"repeat","background-position":"center center","background-size":"auto","background-attachment":"scroll","background-type":"","background-media":"","overlay-type":"","overlay-color":"","overlay-opacity":"","overlay-gradient":""}},"ast-content-background-meta":{"desktop":{"background-color":"var(--ast-global-color-5)","background-image":"","background-repeat":"repeat","background-position":"center center","background-size":"auto","background-attachment":"scroll","background-type":"","background-media":"","overlay-type":"","overlay-color":"","overlay-opacity":"","overlay-gradient":""},"tablet":{"background-color":"var(--ast-global-color-5)","background-image":"","background-repeat":"repeat","background-position":"center center","background-size":"auto","background-attachment":"scroll","background-type":"","background-media":"","overlay-type":"","overlay-color":"","overlay-opacity":"","overlay-gradient":""},"mobile":{"background-color":"var(--ast-global-color-5)","background-image":"","background-repeat":"repeat","background-position":"center center","background-size":"auto","background-attachment":"scroll","background-type":"","background-media":"","overlay-type":"","overlay-color":"","overlay-opacity":"","overlay-gradient":""}},"footnotes":""},"class_list":["post-336","page","type-page","status-publish","hentry"],"_links":{"self":[{"href":"https:\/\/latisserie-lormes.fr\/index.php\/wp-json\/wp\/v2\/pages\/336","targetHints":{"allow":["GET"]}}],"collection":[{"href":"https:\/\/latisserie-lormes.fr\/index.php\/wp-json\/wp\/v2\/pages"}],"about":[{"href":"https:\/\/latisserie-lormes.fr\/index.php\/wp-json\/wp\/v2\/types\/page"}],"author":[{"embeddable":true,"href":"https:\/\/latisserie-lormes.fr\/index.php\/wp-json\/wp\/v2\/users\/4"}],"replies":[{"embeddable":true,"href":"https:\/\/latisserie-lormes.fr\/index.php\/wp-json\/wp\/v2\/comments?post=336"}],"version-history":[{"count":4,"href":"https:\/\/latisserie-lormes.fr\/index.php\/wp-json\/wp\/v2\/pages\/336\/revisions"}],"predecessor-version":[{"id":469,"href":"https:\/\/latisserie-lormes.fr\/index.php\/wp-json\/wp\/v2\/pages\/336\/revisions\/469"}],"wp:attachment":[{"href":"https:\/\/latisserie-lormes.fr\/index.php\/wp-json\/wp\/v2\/media?parent=336"}],"curies":[{"name":"wp","href":"https:\/\/api.w.org\/{rel}","templated":true}]}}