{"id":334,"date":"2024-05-31T10:56:04","date_gmt":"2024-05-31T08:56:04","guid":{"rendered":"https:\/\/latisserie-lormes.fr\/?page_id=334"},"modified":"2024-07-25T14:57:12","modified_gmt":"2024-07-25T12:57:12","slug":"futur-de-la-tisserie","status":"publish","type":"page","link":"https:\/\/latisserie-lormes.fr\/index.php\/futur-de-la-tisserie\/","title":{"rendered":"Futur de la Tisserie"},"content":{"rendered":"\n<h2 class=\"wp-block-heading\"><strong>Organisation et r\u00e9daction d\u2019un plaidoyer pour une prolongation des financements Nouveaux Lieux \u2013 Nouveaux Liens<\/strong>&nbsp;<\/h2>\n\n\n\n<p>Les Fabriques de Territoire en consortium sont f\u00e9d\u00e9r\u00e9es dans un groupe de travail qui se r\u00e9unit pour des sessions de co-d\u00e9veloppement.&nbsp;<\/p>\n\n\n\n<p>Une r\u00e9flexion commune a \u00e9t\u00e9 organis\u00e9e par Aymeric Seron (Coordinateur Tisserie) afin de r\u00e9diger un plaidoyer visant \u00e0 mettre en \u00e9vidence les sp\u00e9cificit\u00e9s des Fabriques de Territoire en consortium, leur impact sur les territoires et leur besoin en financement additionnel afin d\u2019assurer leur p\u00e9rennit\u00e9.&nbsp;<\/p>\n\n\n\n<p>Ce plaidoyer a \u00e9t\u00e9 d\u00e9fendu lors de forum de discussion avec France Tiers Lieux et diffuser largement aupr\u00e8s des \u00e9lu.e.s et des repr\u00e9sentant.e.s de l\u2019\u00e9tat.&nbsp;<a href=\"https:\/\/lormes.sharepoint.com\/:b:\/s\/mairie\/EUVYoCE1KYlBp5KVujdTKl8BtX3zHB64vr0Hifq_2c1zbg?e=p97Gnd\" target=\"_blank\" rel=\"noreferrer noopener\">lien <\/a>&nbsp;<\/p>\n\n\n\n<h2 class=\"wp-block-heading\"><strong>D\u00e9finition des besoins des membres de la Tisserie pour 2025 &#8211; 2027<\/strong>&nbsp;<\/h2>\n\n\n\n<p>Suite \u00e0 un travail pr\u00e9paratoire int\u00e9grant un bilan complet des activit\u00e9s de la tisserie (Bilan 2022-2024\u202f: <a href=\"https:\/\/lormes.sharepoint.com\/:b:\/s\/mairie\/ESAkTAbVyZZJsnVXnXvWUpUBC6oC2-7-nsl1zS4Ssw-7pQ?e=FOKdP4\" target=\"_blank\" rel=\"noreferrer noopener\">Lien<\/a>) avec les membres du consortium, une r\u00e9union a \u00e9t\u00e9 organis\u00e9e le 24\/05 avec les membres du consortium afin de d\u00e9finir un projet succ\u00e9dant au projet de d\u00e9marrage de la Tisserie (Compte rendu\u202f<a href=\"https:\/\/lormes.sharepoint.com\/:b:\/s\/mairie\/EfzMhdUXxqJLl-6jvwIwefQBemJcCU8Ue0RB5thF1IrM2Q?e=iwVsLB\" target=\"_blank\" rel=\"noreferrer noopener\">lien<\/a>).\u202fCe programme a \u00e9t\u00e9 d\u00e9clin\u00e9 dans la proposition de projet faite en r\u00e9ponse \u00e0 l\u2019appel \u00e0 projet Fabrique de Territoire vague 10 (dossier soumis\u202f: <a href=\"https:\/\/lormes.sharepoint.com\/:b:\/s\/mairie\/Eayrgsvbb3dCsvl55sISVDcBiJwtp4mLcfLQwb7TzmAlmQ?e=vyImLF\" target=\"_blank\" rel=\"noreferrer noopener\">Lien<\/a>)<\/p>\n\n\n\n<p>Compte rendu <a href=\"https:\/\/lormes-my.sharepoint.com\/:p:\/r\/personal\/alexia_lormes_fr\/_layouts\/15\/Doc.aspx?sourcedoc=%7B7DD4510E-CFE5-479F-A6BB-6D43D3A40F80%7D&amp;file=240524-Presentation%20Copil%20Tisserie-a-avenir%20tisserie-b.pptx&amp;action=edit&amp;mobileredirect=true\">lien <\/a><\/p>\n\n\n\n<p>Bilan Tisserie 2025 &#8211; 2027 :<strong> <\/strong><a href=\"file:\/\/\/C:\/Users\/Utilisateur\/Downloads\/240415-Bilan%20Tisserie%202022-2024-d.pdf\">lien <\/a><\/p>\n\n\n\n<p><\/p>\n\n\n\n<p><\/p>\n\n\n\n<p><\/p>\n\n\n\n<p><\/p>\n","protected":false},"excerpt":{"rendered":"<p>Organisation et r\u00e9daction d\u2019un plaidoyer pour une prolongation des financements Nouveaux Lieux \u2013 Nouveaux Liens&nbsp; Les Fabriques de Territoire en consortium sont f\u00e9d\u00e9r\u00e9es dans un groupe de travail qui se r\u00e9unit pour des sessions de co-d\u00e9veloppement.&nbsp; Une r\u00e9flexion commune a \u00e9t\u00e9 organis\u00e9e par Aymeric Seron (Coordinateur Tisserie) afin de r\u00e9diger un plaidoyer visant \u00e0 mettre [&hellip;]<\/p>\n","protected":false},"author":4,"featured_media":0,"parent":0,"menu_order":0,"comment_status":"closed","ping_status":"closed","template":"","meta":{"site-sidebar-layout":"default","site-content-layout":"","ast-site-content-layout":"default","site-content-style":"default","site-sidebar-style":"default","ast-global-header-display":"","ast-banner-title-visibility":"","ast-main-header-display":"","ast-hfb-above-header-display":"","ast-hfb-below-header-display":"","ast-hfb-mobile-header-display":"","site-post-title":"","ast-breadcrumbs-content":"","ast-featured-img":"","footer-sml-layout":"","theme-transparent-header-meta":"","adv-header-id-meta":"","stick-header-meta":"","header-above-stick-meta":"","header-main-stick-meta":"","header-below-stick-meta":"","astra-migrate-meta-layouts":"set","ast-page-background-enabled":"default","ast-page-background-meta":{"desktop":{"background-color":"var(--ast-global-color-4)","background-image":"","background-repeat":"repeat","background-position":"center center","background-size":"auto","background-attachment":"scroll","background-type":"","background-media":"","overlay-type":"","overlay-color":"","overlay-opacity":"","overlay-gradient":""},"tablet":{"background-color":"","background-image":"","background-repeat":"repeat","background-position":"center center","background-size":"auto","background-attachment":"scroll","background-type":"","background-media":"","overlay-type":"","overlay-color":"","overlay-opacity":"","overlay-gradient":""},"mobile":{"background-color":"","background-image":"","background-repeat":"repeat","background-position":"center center","background-size":"auto","background-attachment":"scroll","background-type":"","background-media":"","overlay-type":"","overlay-color":"","overlay-opacity":"","overlay-gradient":""}},"ast-content-background-meta":{"desktop":{"background-color":"var(--ast-global-color-5)","background-image":"","background-repeat":"repeat","background-position":"center center","background-size":"auto","background-attachment":"scroll","background-type":"","background-media":"","overlay-type":"","overlay-color":"","overlay-opacity":"","overlay-gradient":""},"tablet":{"background-color":"var(--ast-global-color-5)","background-image":"","background-repeat":"repeat","background-position":"center center","background-size":"auto","background-attachment":"scroll","background-type":"","background-media":"","overlay-type":"","overlay-color":"","overlay-opacity":"","overlay-gradient":""},"mobile":{"background-color":"var(--ast-global-color-5)","background-image":"","background-repeat":"repeat","background-position":"center center","background-size":"auto","background-attachment":"scroll","background-type":"","background-media":"","overlay-type":"","overlay-color":"","overlay-opacity":"","overlay-gradient":""}},"footnotes":""},"class_list":["post-334","page","type-page","status-publish","hentry"],"_links":{"self":[{"href":"https:\/\/latisserie-lormes.fr\/index.php\/wp-json\/wp\/v2\/pages\/334","targetHints":{"allow":["GET"]}}],"collection":[{"href":"https:\/\/latisserie-lormes.fr\/index.php\/wp-json\/wp\/v2\/pages"}],"about":[{"href":"https:\/\/latisserie-lormes.fr\/index.php\/wp-json\/wp\/v2\/types\/page"}],"author":[{"embeddable":true,"href":"https:\/\/latisserie-lormes.fr\/index.php\/wp-json\/wp\/v2\/users\/4"}],"replies":[{"embeddable":true,"href":"https:\/\/latisserie-lormes.fr\/index.php\/wp-json\/wp\/v2\/comments?post=334"}],"version-history":[{"count":10,"href":"https:\/\/latisserie-lormes.fr\/index.php\/wp-json\/wp\/v2\/pages\/334\/revisions"}],"predecessor-version":[{"id":644,"href":"https:\/\/latisserie-lormes.fr\/index.php\/wp-json\/wp\/v2\/pages\/334\/revisions\/644"}],"wp:attachment":[{"href":"https:\/\/latisserie-lormes.fr\/index.php\/wp-json\/wp\/v2\/media?parent=334"}],"curies":[{"name":"wp","href":"https:\/\/api.w.org\/{rel}","templated":true}]}}