{"id":33,"date":"2023-02-02T12:12:00","date_gmt":"2023-02-02T11:12:00","guid":{"rendered":"http:\/\/latisserie-lormes.fr\/?page_id=33"},"modified":"2024-07-01T16:38:44","modified_gmt":"2024-07-01T14:38:44","slug":"la-tisserie","status":"publish","type":"page","link":"https:\/\/latisserie-lormes.fr\/index.php\/la-tisserie\/","title":{"rendered":"La Tisserie"},"content":{"rendered":"\n<div class=\"wp-block-buttons is-layout-flex wp-block-buttons-is-layout-flex\"><\/div>\n\n\n\n<hr class=\"wp-block-separator has-alpha-channel-opacity\"\/>\n\n\n\n<figure class=\"wp-block-embed is-type-video is-provider-youtube wp-block-embed-youtube wp-embed-aspect-16-9 wp-has-aspect-ratio\"><div class=\"wp-block-embed__wrapper\">\n<div class=\"ast-oembed-container \" style=\"height: 100%;\"><iframe loading=\"lazy\" title=\"La Tisserie Fabrique de Territoire de Lormes pr\u00e9sent\u00e9e par Aymeric Seron (coordinateur tiers-lieux)\" width=\"500\" height=\"281\" src=\"https:\/\/www.youtube.com\/embed\/ZQou7LE24HA?feature=oembed\" frameborder=\"0\" allow=\"accelerometer; autoplay; clipboard-write; encrypted-media; gyroscope; picture-in-picture; web-share\" referrerpolicy=\"strict-origin-when-cross-origin\" allowfullscreen><\/iframe><\/div>\n<\/div><figcaption class=\"wp-element-caption\">D\u00e9couvrez la Tisserie en vid\u00e9o<\/figcaption><\/figure>\n\n\n\n<p id=\"C'est-quoi\"><strong>C&rsquo;est quoi un Tiers-Lieu ?<\/strong><\/p>\n\n\n\n<p>Un lieu convivial qui met en lien des personnes d&rsquo;horizons diff\u00e9rents ? Un lieu o\u00f9 les activit\u00e9s personnelles et professionnelles se m\u00ealent pour faire \u00e9merger des projets innovants et r\u00e9pondant \u00e0 des enjeux du territoire ? Un lieu de partage de connaissance et de savoir-faire ?<\/p>\n\n\n\n<p>Un Tiers-Lieu, c&rsquo;est tout \u00e7a \u00e0 la fois : Un lieu pour \u00eatre et faire ensemble \u00e0 tous les \u00e2ges de la vie.<\/p>\n\n\n\n<p>D\u00e9finitions usuelles : <\/p>\n\n\n\n<ul class=\"wp-block-list\">\n<li>\u00ab\u00a0Rien ne d\u00e9finit le Tiers-Lieux, ci ce n\u2019est les usages qui en sont faits\u00a0\u00bb&nbsp;<\/li>\n\n\n\n<li>\u00ab\u00a0Il existe autant de d\u00e9finitions que de tiers-lieux !\u00a0\u00bb<\/li>\n\n\n\n<li>\u00ab\u00a0Des lieux ou s&rsquo;inventent des solutions concr\u00e8tes en hyper proximit\u00e9 en r\u00e9ponses aux transitions \u00e0 mener\u00a0\u00bb<\/li>\n<\/ul>\n\n\n\n<p>D&rsquo;o\u00f9 \u00e7a vient ?<\/p>\n\n\n\n<div class=\"wp-block-media-text alignwide has-media-on-the-right is-stacked-on-mobile\" style=\"grid-template-columns:auto 25%\"><div class=\"wp-block-media-text__content\">\n<p>Un sociologue am\u00e9ricain (Ray Oldenburg) d\u00e9crivit en 1989 dans son livre \u00ab\u00a0The Great Good Place\u00a0\u00bb l&rsquo;existence de diff\u00e9rents lieux de vie. Le premier lieu est le domicile et le deuxi\u00e8me lieu est le travail. Il observa qu&rsquo;un troisi\u00e8me type lieu existait. Fr\u00e9quent\u00e9 par des personnes pour se retrouver et \u00eatre ensemble ces lieux \u00e9taient l&rsquo;opportunit\u00e9 de rencontres in\u00e9dites permettant l&rsquo;\u00e9mergence de projets collaboratifs. Ainsi est n\u00e9 le terme de Tiers-Lieu.<\/p>\n<\/div><figure class=\"wp-block-media-text__media\"><img loading=\"lazy\" decoding=\"async\" width=\"293\" height=\"228\" src=\"http:\/\/latisserie-lormes.fr\/wp-content\/uploads\/2023\/02\/3-lieux-Oldenburg.jpg\" alt=\"\" class=\"wp-image-77 size-full\"\/><\/figure><\/div>\n\n\n\n<hr class=\"wp-block-separator has-alpha-channel-opacity\"\/>\n\n\n\n<p id=\"Caract\u00e9ristiques\"><strong>Les caract\u00e9ristiques ?<\/strong><\/p>\n\n\n\n<p>Le manifeste des Tiers Lieux d\u00e9finit 10 valeurs&nbsp;(<a href=\"https:\/\/movilab.org\/wiki\/Le_manifeste_des_Tiers_Lieux\">r\u00e9f\u00e9rence<\/a>):<\/p>\n\n\n\n<ul class=\"wp-block-list\">\n<li>1) Collectif&nbsp;: Le Tiers-Lieu est un bien commun r\u00e9v\u00e9l\u00e9, d\u00e9limit\u00e9, entretenu par et avec un collectif.<\/li>\n\n\n\n<li>2) Espace&nbsp;: Sur un territoire identifi\u00e9, le Tiers-Lieu est une interface ouverte et ind\u00e9pendante permettant l\u2019interconnexion ainsi que le partage de biens et de savoirs.<\/li>\n\n\n\n<li>3) Travail&nbsp;: Le Tiers-Lieu est un cadre de confiance o\u00f9 des individus h\u00e9t\u00e9rog\u00e8nes se r\u00e9unissent pour travailler et explorer des solutions dans une posture de coworking.<\/li>\n\n\n\n<li>4) Organisation&nbsp;: Le Tiers-Lieu favorise l\u2019apparition de r\u00e9seaux distribu\u00e9s d\u2019acteurs en pr\u00e9servant un \u00e9quilibre permanent entre individu et collectif, entre temps de travail et temps d\u2019\u00e9change.<\/li>\n\n\n\n<li>5) Langage&nbsp;: Le Tiers-Lieu g\u00e9n\u00e8re un langage commun et r\u00e9appropriable entre des mondes diff\u00e9rents et parfois contradictoire.<\/li>\n\n\n\n<li>6) Num\u00e9rique&nbsp;: Les outils et la m\u00e9diation num\u00e9rique facilitent l\u2019apparition de situation de travail collective sur la constitution d\u2019un patrimoine informationnel commun.<\/li>\n\n\n\n<li>7) Gouvernance&nbsp;: Le Tiers-Lieu d\u00e9veloppe une approche intelligente de la gouvernance gr\u00e2ce notamment \u00e0 un rapport transformationnel avec les usagers-clients et aux licences libres.<\/li>\n\n\n\n<li>8) Services&nbsp;: Les services du Tiers-Lieu s&rsquo;assemblent pour formaliser un environnement de consommation, de cr\u00e9ation, de production, in\u00e9dit et incarne ainsi une v\u00e9ritable culture de la transition \u00e9conomique.<\/li>\n\n\n\n<li>9) Financements&nbsp;: Les mod\u00e8les de financement des Tiers-Lieux se d\u00e9veloppent entre \u00e9conomie traditionnelle et contributive en se basant sur des partenariats publics, priv\u00e9s et personnels.<\/li>\n\n\n\n<li>10) Prospective&nbsp;: Le Tiers-Lieu est un processus exploratoire de valeurs \u00e0 l\u2019\u00e9chelle humaine, soci\u00e9tale et \u00e9conomique qui vise \u00e0 devenir un \u00e9l\u00e9ment central du fonctionnement de la cit\u00e9.<\/li>\n<\/ul>\n\n\n\n<hr class=\"wp-block-separator has-alpha-channel-opacity\" id=\"A-quoi-\u00e7a-sert\"\/>\n\n\n\n<p id=\"A-quoi-\u00e7a-sert\"><strong>A&nbsp; quoi \u00e7a sert ?<\/strong><\/p>\n\n\n\n<p>Les tiers-lieux sont avant tout un outil qui permet de centraliser et mutualiser les \u00e9nergies pour r\u00e9pondre \u00e0 des besoins du territoire et de ses habitants, en r\u00e9ponse aux changements en cours (\u00e9conomiques, sociologiques, environnementaux).<br><br>Concr\u00e8tement, le Tiers-Lieu met \u00e0 la disposition de tous, des espaces d&rsquo;activit\u00e9s partag\u00e9es (\u00ab\u00a0co-working\u00a0\u00bb), des espaces de convivialit\u00e9 (caf\u00e9, bar, restaurant, salle de spectacle), des \u00e9quipements (outils, machines, mati\u00e8re premi\u00e8re, syst\u00e8me informatique).<br><br>La mutualisation des moyens permet la r\u00e9duction des co\u00fbts et ainsi l&rsquo;acc\u00e8s \u00e0 tous. Cette accessibilit\u00e9 rend possible le brassage des utilisateurs et l&rsquo;\u00e9mergence de nouveaux projets \u00e9conomiques et culturels.<br><br>Les Tiers-Lieux contribuent au dynamisme \u00e9conomique et social du territoire ainsi qu&rsquo;\u00e0 son attractivit\u00e9.<\/p>\n\n\n\n<p>Comment \u00e7a marche&nbsp;? On vous donne un exemple<\/p>\n\n\n\n<p>Pour son association de musique, Annie voudrait broder des T-Shirt avec un logo. Elle prend rendez-vous \u00e0 la Mission Num\u00e9rique (114 route d&rsquo;Avallon \u00e0 Lormes). Accueillie par Adeline de la Mission Num\u00e9rique, elle y est form\u00e9e \u00e0 l&rsquo;utilisation de la brodeuse num\u00e9rique (pr\u00eat\u00e9 par la mission num\u00e9rique de Luzy).<\/p>\n\n\n\n<p>Lors des semaines suivantes, elle va broder les T-shirts de l&rsquo;association et autour d&rsquo;un caf\u00e9 elle rencontre Simon qui est sc\u00e9nariste et qui utilise un bureau de t\u00e9l\u00e9travail.&nbsp; Il y a aussi Karine qui est menuisi\u00e8re et qui est l\u00e0 pour utiliser l&rsquo;imprimante 3D. Ensemble, ils \u00e9changent sur ce qu\u2019ils font l\u00e0.<\/p>\n\n\n\n<p>Annie raconte qu&rsquo;elle va r\u00e9guli\u00e8rement voir sa grand-m\u00e8re \u00e0 la maison de retraite et qu&rsquo;elle aimerait bien jouer de la musique pour elle. Simon trouve l&rsquo;id\u00e9e super.&nbsp; Il ajoute que ce serait encore mieux de proposer un spectacle musical. Il se propose d\u2019\u00e9crire le sc\u00e9nario. Karine est aussi emball\u00e9e par le projet et propose de confectionner les d\u00e9cors. Lors d\u2019une r\u00e9union d\u2019\u00e9change entre utilisateurs des tiers lieu, ils en parlent \u00e0 d&rsquo;autres. Les associations Lormoises sont partantes, avec l\u2019\u00e9cole de musique et de danse et le club th\u00e9\u00e2tre aussi d\u2019ailleurs.<\/p>\n\n\n\n<p>Six mois plus tard, est donn\u00e9 \u00e0 la salle polyvalente de la maison de retraite un spectacle, les r\u00e9sidents sont ravis, c\u2019est la f\u00eate&nbsp;!<\/p>\n\n\n\n<p>Ce projet, rendu possible par la rencontre de 3 personnes, a permis de contribuer \u00e0 r\u00e9pondre \u00e0 un enjeu qu&rsquo;est l&rsquo;isolement des personnes \u00e2g\u00e9es d\u00e9pendantes et a permis de g\u00e9n\u00e9rer de l&rsquo;activit\u00e9 \u00e9conomique en faisant travailler des artisans locaux pour la pr\u00e9paration du spectacle et l\u2019achat du buffet&nbsp;! Souvent, ce qu\u2019il manque, c\u2019est de faire se rencontrer diff\u00e9rents acteurs. Le tiers lieu, permet l\u2019\u00e9change plus facile entre tous et donc, la mise en place d\u2019activit\u00e9s.<\/p>\n\n\n\n<hr class=\"wp-block-separator has-alpha-channel-opacity\"\/>\n\n\n\n<p id=\"La-Fabrique-de-Territoire\"><strong>La Fabrique de Territoire<\/strong> ?<\/p>\n\n\n\n<p>Aujourd\u2019hui, les tiers-lieux sont devenus des plateformes de services qui contribuent \u00e0 la vitalit\u00e9 de tous les territoires : ruraux, p\u00e9riurbains, urbains, quartiers de la politique de la ville\u2026 \u00c0 l\u2019heure des grandes transitions d\u00e9mographique, num\u00e9rique, \u00e9cologique et productive, le Gouvernement a d\u00e9cid\u00e9 de soutenir ces initiatives publiques et priv\u00e9es en adoptant une nouvelle m\u00e9thode d\u2019intervention : sans prescrire, sans chercher \u00e0 normaliser mais en accompagnant, en acc\u00e9l\u00e9rant et en \u00ab outillant \u00bb l\u2019ensemble des acteurs (<a href=\"https:\/\/agence-cohesion-territoires.gouv.fr\/fabriques-de-territoire-582\">r\u00e9f\u00e9rence<\/a>).<\/p>\n\n\n\n<p><strong><em>Les fabriques de territoire ont pour mission de devenir des lieux ressource pour les autres tiers-lieux de son territoire<\/em><\/strong><\/p>\n\n\n\n<p>Une Fabrique de territoire est caract\u00e9ris\u00e9e par sa capacit\u00e9 (moyens humains et mat\u00e9riels) \u00e0 soutenir des projets d&rsquo;\u00e9mergence &#8211; \u00e0 essaimer et par sa connexion au tissu local. Les Fabriques sont donc des portes d&rsquo;entr\u00e9es pour d\u00e9velopper vos projets en lien avec le territoire.<\/p>\n\n\n\n<p>La Fabrique est avant tout&nbsp;<a href=\"https:\/\/movilab.org\/wiki\/D%C3%A9finition_des_Tiers_Lieux\">tiers-lieux<\/a>. Comme tiers-lieu, le projet pr\u00e9sente les caract\u00e9ristiques suivantes&nbsp;:&nbsp;<\/p>\n\n\n\n<ul class=\"wp-block-list\">\n<li>une communaut\u00e9 de r\u00e9sidents pour animer le lieu<\/li>\n\n\n\n<li>l\u2019implication des habitants dans la gouvernance et la programmation du lieu<\/li>\n\n\n\n<li>un ancrage territorial&nbsp;: liens avec les pouvoirs publics du territoire, partenariats ou actions communes avec des entreprises et des associations du territoire<\/li>\n\n\n\n<li>une mise en commun des initiatives avec d\u2019autres tiers-lieux du territoire<\/li>\n\n\n\n<li>une offre de service diversifi\u00e9e&nbsp;: les activit\u00e9s du tiers-lieux ne se limitent pas \u00e0 un seul champ (co-working, num\u00e9rique ou encore fabrication) mais sont multiples<\/li>\n\n\n\n<li>une offre de service adapt\u00e9e aux besoins des habitants&nbsp;: les activit\u00e9s du tiers-lieux ne r\u00e9pondent pas uniquement \u00e0 une partie de la population ou des entreprises du territoire mais s\u2019adressent \u00e0 tous les habitants dans leur diversit\u00e9 (g\u00e9ographique, \u00e2ge, genre, handicap, cat\u00e9gorie socio-professionnelle \u2026)<\/li>\n\n\n\n<li>(<a href=\"https:\/\/movilab.org\/wiki\/Fabriques_de_Territoire\">R\u00e9f\u00e9rence<\/a>)<\/li>\n<\/ul>\n\n\n\n<hr class=\"wp-block-separator has-alpha-channel-opacity\"\/>\n\n\n\n<p id=\"Comment-\u00e7a-marche\"><strong>Comment \u00e7a marche ?<\/strong><\/p>\n\n\n\n<div class=\"inherit-container-width wp-block-group is-layout-constrained wp-block-group-is-layout-constrained\">\n<div class=\"wp-block-columns is-layout-flex wp-container-core-columns-is-layout-28f84493 wp-block-columns-is-layout-flex\">\n<div class=\"wp-block-column is-layout-flow wp-block-column-is-layout-flow\">\n<p>L&rsquo;histoire de La Tisserie (Fabrique de territoire de Lormes) a commenc\u00e9 en septembre 2021. Une premi\u00e8re phase a consist\u00e9 \u00e0 rencontrer les tiers-lieux, des associations, des structures publiques, des habitants pour appr\u00e9hender le territoire et ses besoins. Des ateliers avec un panel d&rsquo;habitants ont \u00e9t\u00e9 organis\u00e9s. Une feuille de route a \u00e9t\u00e9 propos\u00e9e et une s\u00e9rie d&rsquo;activit\u00e9 a \u00e9t\u00e9 mise en place (voir la section <a href=\"http:\/\/latisserie-lormes.fr\/index.php\/qui-ou-quoi\/\">projet<\/a>).<\/p>\n\n\n\n<p>Un comit\u00e9 de pilotage a \u00e9t\u00e9 mis en place. Il se r\u00e9unit tous les mois et permet de d\u00e9finir les orientations de La Tisserie, d\u00e9cider du lancement des projets et de revoir leurs avanc\u00e9es.<\/p>\n<\/div>\n\n\n\n<div class=\"wp-block-column is-layout-flow wp-block-column-is-layout-flow\">\n<p>Ce comit\u00e9 est compos\u00e9 : <\/p>\n\n\n\n<ul class=\"wp-block-list\">\n<li>Mairie : Christian Paul et Justine Bouteille-Mar\u00e9chal<\/li>\n\n\n\n<li>Mission Num\u00e9rique : Patrick Marmion<\/li>\n\n\n\n<li>IciMorvan : Sophie Jou\u00ebt<\/li>\n\n\n\n<li>EBE TZCLD : S\u00e9bastien Poyer<\/li>\n\n\n\n<li>H\u00f4pital &#8211; EHPAD Les Cygnes : Elodie Silvain<\/li>\n\n\n\n<li>Centre Social : Sonia Laboureau<\/li>\n\n\n\n<li>Coordinateur Tisserie : Aymeric Seron<\/li>\n\n\n\n<li>Service Civique : Alexia Joly<\/li>\n\n\n\n<li>Le comit\u00e9 est ouvert \u00e0 d&rsquo;autres partenaires<\/li>\n<\/ul>\n<\/div>\n<\/div>\n<\/div>\n\n\n\n<hr class=\"wp-block-separator has-alpha-channel-opacity\"\/>\n\n\n\n<p>Retour \u00e0 l&rsquo;Accueil, c&rsquo;est par <a href=\"http:\/\/latisserie-lormes.fr\/\">ICI<\/a><\/p>\n","protected":false},"excerpt":{"rendered":"<p>C&rsquo;est quoi un Tiers-Lieu ? Un lieu convivial qui met en lien des personnes d&rsquo;horizons diff\u00e9rents ? Un lieu o\u00f9 les activit\u00e9s personnelles et professionnelles se m\u00ealent pour faire \u00e9merger des projets innovants et r\u00e9pondant \u00e0 des enjeux du territoire ? Un lieu de partage de connaissance et de savoir-faire ? Un Tiers-Lieu, c&rsquo;est tout [&hellip;]<\/p>\n","protected":false},"author":3,"featured_media":0,"parent":0,"menu_order":0,"comment_status":"closed","ping_status":"closed","template":"","meta":{"site-sidebar-layout":"default","site-content-layout":"","ast-site-content-layout":"default","site-content-style":"default","site-sidebar-style":"default","ast-global-header-display":"","ast-banner-title-visibility":"","ast-main-header-display":"","ast-hfb-above-header-display":"","ast-hfb-below-header-display":"","ast-hfb-mobile-header-display":"","site-post-title":"","ast-breadcrumbs-content":"","ast-featured-img":"","footer-sml-layout":"","theme-transparent-header-meta":"","adv-header-id-meta":"","stick-header-meta":"","header-above-stick-meta":"","header-main-stick-meta":"","header-below-stick-meta":"","astra-migrate-meta-layouts":"set","ast-page-background-enabled":"default","ast-page-background-meta":{"desktop":{"background-color":"var(--ast-global-color-4)","background-image":"","background-repeat":"repeat","background-position":"center center","background-size":"auto","background-attachment":"scroll","background-type":"","background-media":"","overlay-type":"","overlay-color":"","overlay-opacity":"","overlay-gradient":""},"tablet":{"background-color":"","background-image":"","background-repeat":"repeat","background-position":"center center","background-size":"auto","background-attachment":"scroll","background-type":"","background-media":"","overlay-type":"","overlay-color":"","overlay-opacity":"","overlay-gradient":""},"mobile":{"background-color":"","background-image":"","background-repeat":"repeat","background-position":"center center","background-size":"auto","background-attachment":"scroll","background-type":"","background-media":"","overlay-type":"","overlay-color":"","overlay-opacity":"","overlay-gradient":""}},"ast-content-background-meta":{"desktop":{"background-color":"var(--ast-global-color-5)","background-image":"","background-repeat":"repeat","background-position":"center center","background-size":"auto","background-attachment":"scroll","background-type":"","background-media":"","overlay-type":"","overlay-color":"","overlay-opacity":"","overlay-gradient":""},"tablet":{"background-color":"var(--ast-global-color-5)","background-image":"","background-repeat":"repeat","background-position":"center center","background-size":"auto","background-attachment":"scroll","background-type":"","background-media":"","overlay-type":"","overlay-color":"","overlay-opacity":"","overlay-gradient":""},"mobile":{"background-color":"var(--ast-global-color-5)","background-image":"","background-repeat":"repeat","background-position":"center center","background-size":"auto","background-attachment":"scroll","background-type":"","background-media":"","overlay-type":"","overlay-color":"","overlay-opacity":"","overlay-gradient":""}},"footnotes":""},"class_list":["post-33","page","type-page","status-publish","hentry"],"_links":{"self":[{"href":"https:\/\/latisserie-lormes.fr\/index.php\/wp-json\/wp\/v2\/pages\/33","targetHints":{"allow":["GET"]}}],"collection":[{"href":"https:\/\/latisserie-lormes.fr\/index.php\/wp-json\/wp\/v2\/pages"}],"about":[{"href":"https:\/\/latisserie-lormes.fr\/index.php\/wp-json\/wp\/v2\/types\/page"}],"author":[{"embeddable":true,"href":"https:\/\/latisserie-lormes.fr\/index.php\/wp-json\/wp\/v2\/users\/3"}],"replies":[{"embeddable":true,"href":"https:\/\/latisserie-lormes.fr\/index.php\/wp-json\/wp\/v2\/comments?post=33"}],"version-history":[{"count":18,"href":"https:\/\/latisserie-lormes.fr\/index.php\/wp-json\/wp\/v2\/pages\/33\/revisions"}],"predecessor-version":[{"id":298,"href":"https:\/\/latisserie-lormes.fr\/index.php\/wp-json\/wp\/v2\/pages\/33\/revisions\/298"}],"wp:attachment":[{"href":"https:\/\/latisserie-lormes.fr\/index.php\/wp-json\/wp\/v2\/media?parent=33"}],"curies":[{"name":"wp","href":"https:\/\/api.w.org\/{rel}","templated":true}]}}