{"id":182,"date":"2023-09-14T14:45:56","date_gmt":"2023-09-14T12:45:56","guid":{"rendered":"https:\/\/latisserie-lormes.fr\/?page_id=182"},"modified":"2024-06-10T15:31:11","modified_gmt":"2024-06-10T13:31:11","slug":"le-parcours-des-galeries","status":"publish","type":"page","link":"https:\/\/latisserie-lormes.fr\/index.php\/le-parcours-des-galeries\/","title":{"rendered":"Le parcours des galeries"},"content":{"rendered":"\n<p>Objectif : Proposer du contenu culturel disponible toute l&rsquo;ann\u00e9e en cr\u00e9ant un parcours ludique et interactif donnant envie de d\u00e9couvrir les galeries des artistes lormois <\/p>\n\n\n\n<p>Dans le cadre du lancement de la Fabrique de Territoire de Lormes, une s\u00e9rie de consultations a \u00e9t\u00e9 lanc\u00e9e. Lors d&rsquo;entretiens, avec les galeristes notamment ainsi que des artistes, 3 points majeurs ont \u00e9t\u00e9 remont\u00e9s : <\/p>\n\n\n\n<ul class=\"wp-block-list\">\n<li>Int\u00e9r\u00eat d\u2019augmenter le flux de visiteur notamment sur la p\u00e9riode hivernale<\/li>\n\n\n\n<li>Besoin de renforcer la visibilit\u00e9 de Lormes en tant que \u00ab\u00a0Lormes Cit\u00e9 des Artistes\u00a0\u00bb<\/li>\n\n\n\n<li>Besoin d&rsquo;am\u00e9liorer la visibilit\u00e9 des galeries d&rsquo;artistes<\/li>\n<\/ul>\n\n\n\n<p>Il a donc \u00e9t\u00e9 propos\u00e9 de cr\u00e9er un parcours de visite des galeries d&rsquo;artistes en autonomie via une brochure, accessible \u00e9galement sur internet. Le parcours a \u00e9t\u00e9 inaugur\u00e9 lors d&rsquo;un \u00e9v\u00e8nement d\u00e9di\u00e9.<\/p>\n\n\n\n<p>Des sessions de travail collaboratives ont \u00e9t\u00e9 r\u00e9alis\u00e9es. Le parcours des galeries a \u00e9t\u00e9 mis en place. <\/p>\n\n\n<div class=\"n2-section-smartslider fitvidsignore  n2_clear\" data-ssid=\"4\" tabindex=\"0\" role=\"region\" aria-label=\"Slider\"><div id=\"n2-ss-4-align\" class=\"n2-ss-align\"><div class=\"n2-padding\"><div id=\"n2-ss-4\" data-creator=\"Smart Slider 3\" data-responsive=\"auto\" class=\"n2-ss-slider n2-ow n2-has-hover n2notransition  \">\n\n\n\n<div class=\"n2-ss-slider-wrapper-inside\">\n        <div class=\"n2-ss-slider-1 n2_ss__touch_element n2-ow\">\n            <div class=\"n2-ss-slider-2 n2-ow\">\n                                                <div class=\"n2-ss-slider-3 n2-ow\">\n\n                    <div class=\"n2-ss-slide-backgrounds n2-ow-all\"><div class=\"n2-ss-slide-background\" data-public-id=\"1\" data-mode=\"fill\"><div class=\"n2-ss-slide-background-image\" data-blur=\"0\" data-opacity=\"100\" data-x=\"50\" data-y=\"50\" data-alt=\"\" data-title=\"\"><picture class=\"skip-lazy\" data-skip-lazy=\"1\"><img decoding=\"async\" src=\"\/\/latisserie-lormes.fr\/wp-content\/uploads\/slider\/cache\/241a0bba0bb3ab461c6e5c308bae7a7e\/20220709_113319copie.jpg\" alt=\"\" title=\"\" loading=\"lazy\" class=\"skip-lazy\" data-skip-lazy=\"1\"><\/picture><\/div><div data-color=\"RGBA(255,255,255,0)\" style=\"background-color: RGBA(255,255,255,0);\" class=\"n2-ss-slide-background-color\"><\/div><\/div><div class=\"n2-ss-slide-background\" data-public-id=\"2\" data-mode=\"fill\"><div class=\"n2-ss-slide-background-image\" data-blur=\"0\" data-opacity=\"100\" data-x=\"50\" data-y=\"50\" data-alt=\"\" data-title=\"\"><picture class=\"skip-lazy\" data-skip-lazy=\"1\"><img decoding=\"async\" src=\"\/\/latisserie-lormes.fr\/wp-content\/uploads\/slider\/cache\/c56b5e723505e916687e5a9be4267c56\/image_50456577.jpg\" alt=\"\" title=\"\" loading=\"lazy\" class=\"skip-lazy\" data-skip-lazy=\"1\"><\/picture><\/div><div data-color=\"RGBA(255,255,255,0)\" style=\"background-color: RGBA(255,255,255,0);\" class=\"n2-ss-slide-background-color\"><\/div><\/div><div class=\"n2-ss-slide-background\" data-public-id=\"3\" data-mode=\"fill\"><div class=\"n2-ss-slide-background-image\" data-blur=\"0\" data-opacity=\"100\" data-x=\"50\" data-y=\"50\" data-alt=\"\" data-title=\"\"><picture class=\"skip-lazy\" data-skip-lazy=\"1\"><img decoding=\"async\" src=\"\/\/latisserie-lormes.fr\/wp-content\/uploads\/slider\/cache\/338fcd8725a0bb7a90ebffb1289dd03e\/image_50449665.jpg\" alt=\"\" title=\"\" loading=\"lazy\" class=\"skip-lazy\" data-skip-lazy=\"1\"><\/picture><\/div><div data-color=\"RGBA(255,255,255,0)\" style=\"background-color: RGBA(255,255,255,0);\" class=\"n2-ss-slide-background-color\"><\/div><\/div><div class=\"n2-ss-slide-background\" data-public-id=\"4\" data-mode=\"fill\"><div class=\"n2-ss-slide-background-image\" data-blur=\"0\" data-opacity=\"100\" data-x=\"50\" data-y=\"50\" data-alt=\"\" data-title=\"\"><picture class=\"skip-lazy\" data-skip-lazy=\"1\"><img decoding=\"async\" src=\"\/\/latisserie-lormes.fr\/wp-content\/uploads\/slider\/cache\/5ae1d8f62dd5b67c72d5dc0159ae0898\/20220709_114430copie.jpg\" alt=\"\" title=\"\" loading=\"lazy\" class=\"skip-lazy\" data-skip-lazy=\"1\"><\/picture><\/div><div data-color=\"RGBA(255,255,255,0)\" style=\"background-color: RGBA(255,255,255,0);\" class=\"n2-ss-slide-background-color\"><\/div><\/div><div class=\"n2-ss-slide-background\" data-public-id=\"5\" data-mode=\"fill\"><div class=\"n2-ss-slide-background-image\" data-blur=\"0\" data-opacity=\"100\" data-x=\"50\" data-y=\"50\" data-alt=\"\" data-title=\"\"><picture class=\"skip-lazy\" data-skip-lazy=\"1\"><img decoding=\"async\" src=\"\/\/latisserie-lormes.fr\/wp-content\/uploads\/slider\/cache\/86b9b3c1487348cd3dc5f2d548ee25f8\/20220709_175604copie.jpg\" alt=\"\" title=\"\" loading=\"lazy\" class=\"skip-lazy\" data-skip-lazy=\"1\"><\/picture><\/div><div data-color=\"RGBA(255,255,255,0)\" style=\"background-color: RGBA(255,255,255,0);\" class=\"n2-ss-slide-background-color\"><\/div><\/div><div class=\"n2-ss-slide-background\" data-public-id=\"6\" data-mode=\"fill\"><div class=\"n2-ss-slide-background-image\" data-blur=\"0\" data-opacity=\"100\" data-x=\"50\" data-y=\"50\" data-alt=\"\" data-title=\"\"><picture class=\"skip-lazy\" data-skip-lazy=\"1\"><img decoding=\"async\" src=\"\/\/latisserie-lormes.fr\/wp-content\/uploads\/slider\/cache\/4ba8b8fb220a0e9fdcb87442acb0259b\/image_50748929.jpg\" alt=\"\" title=\"\" loading=\"lazy\" class=\"skip-lazy\" data-skip-lazy=\"1\"><\/picture><\/div><div data-color=\"RGBA(255,255,255,0)\" style=\"background-color: RGBA(255,255,255,0);\" class=\"n2-ss-slide-background-color\"><\/div><\/div><\/div>                    <div class=\"n2-ss-slider-4 n2-ow\">\n                        <svg xmlns=\"http:\/\/www.w3.org\/2000\/svg\" viewBox=\"0 0 1200 600\" data-related-device=\"desktopPortrait\" class=\"n2-ow n2-ss-preserve-size n2-ss-preserve-size--slider n2-ss-slide-limiter\"><\/svg><div data-first=\"1\" data-slide-duration=\"0\" data-id=\"20\" data-slide-public-id=\"1\" data-title=\"20220709_113319copie\" class=\"n2-ss-slide n2-ow  n2-ss-slide-20\"><div role=\"note\" class=\"n2-ss-slide--focus\" tabindex=\"-1\">20220709_113319copie<\/div><div class=\"n2-ss-layers-container n2-ss-slide-limiter n2-ow\"><div class=\"n2-ss-layer n2-ow n-uc-LgM8nUnz2gAm\" data-sstype=\"slide\" data-pm=\"default\"><\/div><\/div><\/div><div data-slide-duration=\"0\" data-id=\"21\" data-slide-public-id=\"2\" data-title=\"image_50456577\" class=\"n2-ss-slide n2-ow  n2-ss-slide-21\"><div role=\"note\" class=\"n2-ss-slide--focus\" tabindex=\"-1\">image_50456577<\/div><div class=\"n2-ss-layers-container n2-ss-slide-limiter n2-ow\"><div class=\"n2-ss-layer n2-ow n-uc-SGParh2oZOfR\" data-sstype=\"slide\" data-pm=\"default\"><\/div><\/div><\/div><div data-slide-duration=\"0\" data-id=\"22\" data-slide-public-id=\"3\" data-title=\"image_50449665\" class=\"n2-ss-slide n2-ow  n2-ss-slide-22\"><div role=\"note\" class=\"n2-ss-slide--focus\" tabindex=\"-1\">image_50449665<\/div><div class=\"n2-ss-layers-container n2-ss-slide-limiter n2-ow\"><div class=\"n2-ss-layer n2-ow n-uc-jN66YDUp6HmM\" data-sstype=\"slide\" data-pm=\"default\"><\/div><\/div><\/div><div data-slide-duration=\"0\" data-id=\"23\" data-slide-public-id=\"4\" data-title=\"20220709_114430copie\" class=\"n2-ss-slide n2-ow  n2-ss-slide-23\"><div role=\"note\" class=\"n2-ss-slide--focus\" tabindex=\"-1\">20220709_114430copie<\/div><div class=\"n2-ss-layers-container n2-ss-slide-limiter n2-ow\"><div class=\"n2-ss-layer n2-ow n-uc-q0wDoybiRgGb\" data-sstype=\"slide\" data-pm=\"default\"><\/div><\/div><\/div><div data-slide-duration=\"0\" data-id=\"24\" data-slide-public-id=\"5\" data-title=\"20220709_175604copie\" class=\"n2-ss-slide n2-ow  n2-ss-slide-24\"><div role=\"note\" class=\"n2-ss-slide--focus\" tabindex=\"-1\">20220709_175604copie<\/div><div class=\"n2-ss-layers-container n2-ss-slide-limiter n2-ow\"><div class=\"n2-ss-layer n2-ow n-uc-28yfA192g6XI\" data-sstype=\"slide\" data-pm=\"default\"><\/div><\/div><\/div><div data-slide-duration=\"0\" data-id=\"25\" data-slide-public-id=\"6\" data-title=\"image_50748929\" class=\"n2-ss-slide n2-ow  n2-ss-slide-25\"><div role=\"note\" class=\"n2-ss-slide--focus\" tabindex=\"-1\">image_50748929<\/div><div class=\"n2-ss-layers-container n2-ss-slide-limiter n2-ow\"><div class=\"n2-ss-layer n2-ow n-uc-8hAeaSTYD0ka\" data-sstype=\"slide\" data-pm=\"default\"><\/div><\/div><\/div>                    <\/div>\n\n                                    <\/div>\n            <\/div>\n        <\/div>\n        <div class=\"n2-ss-slider-controls n2-ss-slider-controls-absolute-right-bottom\"><div class=\"n2-ss-widget n2-style-502aa7df13d51cdbc10b8209dbf2dcd3-heading nextend-arrow n2-ow-all nextend-arrow-next  nextend-arrow-animated-fade\" id=\"n2-ss-4-arrow-next\" role=\"button\" aria-label=\"next arrow\" tabindex=\"0\"><img loading=\"lazy\" decoding=\"async\" width=\"32\" height=\"32\" class=\"skip-lazy\" data-skip-lazy=\"1\" src=\"data:image\/svg+xml;base64,PHN2ZyB3aWR0aD0iMzIiIGhlaWdodD0iMzIiIHZpZXdCb3g9IjAgMCAzMiAzMiIgeG1sbnM9Imh0dHA6Ly93d3cudzMub3JnLzIwMDAvc3ZnIj4KICAgIDxwYXRoIGQ9Ik0yMiAxNS45OTd2LS4wMDNjMC0uNDA0LS4xNzYtLjc2OC0uNDYtMS4wMjhoLjAwMmwtOS04LjU3Mi0uMDA0LjAwNEMxMi4yNjggNi4xNSAxMS45MDIgNiAxMS41IDZjLS44MyAwLTEuNS42NC0xLjUgMS40MyAwIC40MzIuMjAzLjgyLjUyMyAxLjA4Mmw3Ljg2IDcuNDg1LTcuOTYzIDcuNTgzYy0uMjYuMjU3LS40Mi42MDYtLjQyLjk5IDAgLjc5LjY3IDEuNDMgMS41IDEuNDMuNDA0IDAgLjc3LS4xNTMgMS4wNC0uNGw5LjAwMi04LjU3di0uMDAyYy4yODItLjI2LjQ1OC0uNjI0LjQ1OC0xLjAyOHYtLjAwM3oiCiAgICAgICAgICBmaWxsPSIjMDAwMDAwIiBvcGFjaXR5PSIxIiBmaWxsLXJ1bGU9ImV2ZW5vZGQiLz4KPC9zdmc+\" alt=\"next arrow\"><\/div><div class=\"n2-ss-widget n2-style-502aa7df13d51cdbc10b8209dbf2dcd3-heading nextend-arrow n2-ow-all nextend-arrow-previous  nextend-arrow-animated-fade\" id=\"n2-ss-4-arrow-previous\" role=\"button\" aria-label=\"previous arrow\" tabindex=\"0\"><img loading=\"lazy\" decoding=\"async\" width=\"32\" height=\"32\" class=\"skip-lazy\" data-skip-lazy=\"1\" src=\"data:image\/svg+xml;base64,PHN2ZyB3aWR0aD0iMzIiIGhlaWdodD0iMzIiIHZpZXdCb3g9IjAgMCAzMiAzMiIgeG1sbnM9Imh0dHA6Ly93d3cudzMub3JnLzIwMDAvc3ZnIj4KICAgIDxwYXRoIGQ9Ik0yMS41OCAyMy41OGwtNy45NjItNy41ODMgNy44Ni03LjQ4NWMuMzItLjI2Mi41MjItLjY1LjUyMi0xLjA4M0MyMiA2LjY0IDIxLjMyOCA2IDIwLjUgNmMtLjQwMyAwLS43NjguMTUtMS4wMzguMzk4bC0uMDA0LS4wMDQtOSA4LjU3di4wMDJjLS4yODIuMjYtLjQ1OC42MjQtLjQ1OCAxLjAyOFYxNmMwIC40MDQuMTc2Ljc3LjQ2IDEuMDNoLS4wMDJsOSA4LjU3Yy4yNy4yNDcuNjM4LjQgMS4wNDIuNC44MyAwIDEuNS0uNjQgMS41LTEuNDMgMC0uMzg0LS4xNi0uNzMzLS40Mi0uOTl6IgogICAgICAgICAgZmlsbD0iIzAwMDAwMCIgb3BhY2l0eT0iMSIgZmlsbC1ydWxlPSJldmVub2RkIi8+Cjwvc3ZnPg==\" alt=\"previous arrow\"><\/div><\/div><\/div><\/div><ss3-loader><\/ss3-loader><\/div><\/div><div class=\"n2_clear\"><\/div><\/div>\n\n\n<p>Un document retrace la gen\u00e8se du projet<sup>43<\/sup>. Deux versions de la brochure du parcours des artistes ont \u00e9t\u00e9 \u00e9dit\u00e9es. <\/p>\n\n\n\n<div class=\"wp-block-media-text is-stacked-on-mobile\" style=\"grid-template-columns:36% auto\"><figure class=\"wp-block-media-text__media\"><img loading=\"lazy\" decoding=\"async\" width=\"724\" height=\"1024\" src=\"https:\/\/latisserie-lormes.fr\/wp-content\/uploads\/2023\/09\/Parcours-Galeries-V3-724x1024.jpg\" alt=\"\" class=\"wp-image-202 size-full\" srcset=\"https:\/\/latisserie-lormes.fr\/wp-content\/uploads\/2023\/09\/Parcours-Galeries-V3-724x1024.jpg 724w, https:\/\/latisserie-lormes.fr\/wp-content\/uploads\/2023\/09\/Parcours-Galeries-V3-212x300.jpg 212w, https:\/\/latisserie-lormes.fr\/wp-content\/uploads\/2023\/09\/Parcours-Galeries-V3-768x1086.jpg 768w, https:\/\/latisserie-lormes.fr\/wp-content\/uploads\/2023\/09\/Parcours-Galeries-V3-1086x1536.jpg 1086w, https:\/\/latisserie-lormes.fr\/wp-content\/uploads\/2023\/09\/Parcours-Galeries-V3-1448x2048.jpg 1448w, https:\/\/latisserie-lormes.fr\/wp-content\/uploads\/2023\/09\/Parcours-Galeries-V3.jpg 1587w\" sizes=\"auto, (max-width: 724px) 100vw, 724px\" \/><\/figure><div class=\"wp-block-media-text__content\">\n<p>Le parcours des galeries a \u00e9t\u00e9 inaugur\u00e9 en fanfare le 9 juillet 2022<\/p>\n\n\n\n<p><strong>Retrouvez le parcours des galeries sur <a href=\"https:\/\/www.calameo.com\/read\/0061698161d840ad8aad2\" data-type=\"link\" data-id=\"https:\/\/www.calameo.com\/read\/0061698161d840ad8aad2\">Calam\u00e9o<\/a><\/strong> <\/p>\n\n\n\n<p><\/p>\n<\/div><\/div>\n\n\n\n<p><\/p>\n\n\n\n<div class=\"wp-block-columns is-layout-flex wp-container-core-columns-is-layout-28f84493 wp-block-columns-is-layout-flex\">\n<div class=\"wp-block-column is-layout-flow wp-block-column-is-layout-flow\" style=\"flex-basis:100%\">\n<div class=\"inherit-container-width wp-block-group is-layout-constrained wp-block-group-is-layout-constrained\">\n<div class=\"wp-block-columns is-layout-flex wp-container-core-columns-is-layout-28f84493 wp-block-columns-is-layout-flex\">\n<div class=\"wp-block-column is-layout-flow wp-block-column-is-layout-flow\" style=\"flex-basis:100%\">\n<div class=\"wp-block-columns is-layout-flex wp-container-core-columns-is-layout-28f84493 wp-block-columns-is-layout-flex\">\n<div class=\"wp-block-column is-layout-flow wp-block-column-is-layout-flow\" style=\"flex-basis:33.33%\">\n<figure class=\"wp-block-image size-large\"><img loading=\"lazy\" decoding=\"async\" width=\"722\" height=\"1024\" src=\"https:\/\/latisserie-lormes.fr\/wp-content\/uploads\/2023\/09\/LIVRET-BALADE-LORMES-2023-galeries-simple-2-722x1024.jpg\" alt=\"\" class=\"wp-image-194\" srcset=\"https:\/\/latisserie-lormes.fr\/wp-content\/uploads\/2023\/09\/LIVRET-BALADE-LORMES-2023-galeries-simple-2-722x1024.jpg 722w, https:\/\/latisserie-lormes.fr\/wp-content\/uploads\/2023\/09\/LIVRET-BALADE-LORMES-2023-galeries-simple-2-211x300.jpg 211w, https:\/\/latisserie-lormes.fr\/wp-content\/uploads\/2023\/09\/LIVRET-BALADE-LORMES-2023-galeries-simple-2-768x1090.jpg 768w, https:\/\/latisserie-lormes.fr\/wp-content\/uploads\/2023\/09\/LIVRET-BALADE-LORMES-2023-galeries-simple-2-1083x1536.jpg 1083w, https:\/\/latisserie-lormes.fr\/wp-content\/uploads\/2023\/09\/LIVRET-BALADE-LORMES-2023-galeries-simple-2-1444x2048.jpg 1444w, https:\/\/latisserie-lormes.fr\/wp-content\/uploads\/2023\/09\/LIVRET-BALADE-LORMES-2023-galeries-simple-2.jpg 1748w\" sizes=\"auto, (max-width: 722px) 100vw, 722px\" \/><\/figure>\n<\/div>\n\n\n\n<div class=\"wp-block-column is-layout-flow wp-block-column-is-layout-flow\" style=\"flex-basis:33.33%\">\n<figure class=\"wp-block-image size-large\"><img loading=\"lazy\" decoding=\"async\" width=\"722\" height=\"1024\" src=\"https:\/\/latisserie-lormes.fr\/wp-content\/uploads\/2023\/09\/LIVRET-BALADE-LORMES-2023-galeries-simple-3-722x1024.jpg\" alt=\"\" class=\"wp-image-193\" srcset=\"https:\/\/latisserie-lormes.fr\/wp-content\/uploads\/2023\/09\/LIVRET-BALADE-LORMES-2023-galeries-simple-3-722x1024.jpg 722w, https:\/\/latisserie-lormes.fr\/wp-content\/uploads\/2023\/09\/LIVRET-BALADE-LORMES-2023-galeries-simple-3-211x300.jpg 211w, https:\/\/latisserie-lormes.fr\/wp-content\/uploads\/2023\/09\/LIVRET-BALADE-LORMES-2023-galeries-simple-3-768x1090.jpg 768w, https:\/\/latisserie-lormes.fr\/wp-content\/uploads\/2023\/09\/LIVRET-BALADE-LORMES-2023-galeries-simple-3-1083x1536.jpg 1083w, https:\/\/latisserie-lormes.fr\/wp-content\/uploads\/2023\/09\/LIVRET-BALADE-LORMES-2023-galeries-simple-3-1444x2048.jpg 1444w, https:\/\/latisserie-lormes.fr\/wp-content\/uploads\/2023\/09\/LIVRET-BALADE-LORMES-2023-galeries-simple-3.jpg 1748w\" sizes=\"auto, (max-width: 722px) 100vw, 722px\" \/><\/figure>\n<\/div>\n\n\n\n<div class=\"wp-block-column is-layout-flow wp-block-column-is-layout-flow\" style=\"flex-basis:33.33%\">\n<figure class=\"wp-block-image size-large is-style-default\"><img loading=\"lazy\" decoding=\"async\" width=\"722\" height=\"1024\" src=\"https:\/\/latisserie-lormes.fr\/wp-content\/uploads\/2023\/09\/LIVRET-BALADE-LORMES-2023-galeries-simple-1-722x1024.jpg\" alt=\"\" class=\"wp-image-188\" srcset=\"https:\/\/latisserie-lormes.fr\/wp-content\/uploads\/2023\/09\/LIVRET-BALADE-LORMES-2023-galeries-simple-1-722x1024.jpg 722w, https:\/\/latisserie-lormes.fr\/wp-content\/uploads\/2023\/09\/LIVRET-BALADE-LORMES-2023-galeries-simple-1-211x300.jpg 211w, https:\/\/latisserie-lormes.fr\/wp-content\/uploads\/2023\/09\/LIVRET-BALADE-LORMES-2023-galeries-simple-1-768x1090.jpg 768w, https:\/\/latisserie-lormes.fr\/wp-content\/uploads\/2023\/09\/LIVRET-BALADE-LORMES-2023-galeries-simple-1-1083x1536.jpg 1083w, https:\/\/latisserie-lormes.fr\/wp-content\/uploads\/2023\/09\/LIVRET-BALADE-LORMES-2023-galeries-simple-1-1444x2048.jpg 1444w, https:\/\/latisserie-lormes.fr\/wp-content\/uploads\/2023\/09\/LIVRET-BALADE-LORMES-2023-galeries-simple-1.jpg 1748w\" sizes=\"auto, (max-width: 722px) 100vw, 722px\" \/><\/figure>\n<\/div>\n<\/div>\n<\/div>\n<\/div>\n<\/div>\n<\/div>\n<\/div>\n\n\n\n<p><\/p>\n\n\n\n<p><strong>Retour \u00e0 l&rsquo;Accueil, c&rsquo;est par <a href=\"http:\/\/latisserie-lormes.fr\/\">ICI<\/a><\/strong><\/p>\n","protected":false},"excerpt":{"rendered":"<p>Objectif : Proposer du contenu culturel disponible toute l&rsquo;ann\u00e9e en cr\u00e9ant un parcours ludique et interactif donnant envie de d\u00e9couvrir les galeries des artistes lormois Dans le cadre du lancement de la Fabrique de Territoire de Lormes, une s\u00e9rie de consultations a \u00e9t\u00e9 lanc\u00e9e. Lors d&rsquo;entretiens, avec les galeristes notamment ainsi que des artistes, 3 [&hellip;]<\/p>\n","protected":false},"author":3,"featured_media":0,"parent":0,"menu_order":0,"comment_status":"closed","ping_status":"closed","template":"","meta":{"site-sidebar-layout":"default","site-content-layout":"","ast-site-content-layout":"","site-content-style":"default","site-sidebar-style":"default","ast-global-header-display":"","ast-banner-title-visibility":"","ast-main-header-display":"","ast-hfb-above-header-display":"","ast-hfb-below-header-display":"","ast-hfb-mobile-header-display":"","site-post-title":"","ast-breadcrumbs-content":"","ast-featured-img":"","footer-sml-layout":"","theme-transparent-header-meta":"","adv-header-id-meta":"","stick-header-meta":"","header-above-stick-meta":"","header-main-stick-meta":"","header-below-stick-meta":"","astra-migrate-meta-layouts":"default","ast-page-background-enabled":"default","ast-page-background-meta":{"desktop":{"background-color":"var(--ast-global-color-4)","background-image":"","background-repeat":"repeat","background-position":"center center","background-size":"auto","background-attachment":"scroll","background-type":"","background-media":"","overlay-type":"","overlay-color":"","overlay-opacity":"","overlay-gradient":""},"tablet":{"background-color":"","background-image":"","background-repeat":"repeat","background-position":"center center","background-size":"auto","background-attachment":"scroll","background-type":"","background-media":"","overlay-type":"","overlay-color":"","overlay-opacity":"","overlay-gradient":""},"mobile":{"background-color":"","background-image":"","background-repeat":"repeat","background-position":"center center","background-size":"auto","background-attachment":"scroll","background-type":"","background-media":"","overlay-type":"","overlay-color":"","overlay-opacity":"","overlay-gradient":""}},"ast-content-background-meta":{"desktop":{"background-color":"var(--ast-global-color-5)","background-image":"","background-repeat":"repeat","background-position":"center center","background-size":"auto","background-attachment":"scroll","background-type":"","background-media":"","overlay-type":"","overlay-color":"","overlay-opacity":"","overlay-gradient":""},"tablet":{"background-color":"var(--ast-global-color-5)","background-image":"","background-repeat":"repeat","background-position":"center center","background-size":"auto","background-attachment":"scroll","background-type":"","background-media":"","overlay-type":"","overlay-color":"","overlay-opacity":"","overlay-gradient":""},"mobile":{"background-color":"var(--ast-global-color-5)","background-image":"","background-repeat":"repeat","background-position":"center center","background-size":"auto","background-attachment":"scroll","background-type":"","background-media":"","overlay-type":"","overlay-color":"","overlay-opacity":"","overlay-gradient":""}},"footnotes":""},"class_list":["post-182","page","type-page","status-publish","hentry"],"_links":{"self":[{"href":"https:\/\/latisserie-lormes.fr\/index.php\/wp-json\/wp\/v2\/pages\/182","targetHints":{"allow":["GET"]}}],"collection":[{"href":"https:\/\/latisserie-lormes.fr\/index.php\/wp-json\/wp\/v2\/pages"}],"about":[{"href":"https:\/\/latisserie-lormes.fr\/index.php\/wp-json\/wp\/v2\/types\/page"}],"author":[{"embeddable":true,"href":"https:\/\/latisserie-lormes.fr\/index.php\/wp-json\/wp\/v2\/users\/3"}],"replies":[{"embeddable":true,"href":"https:\/\/latisserie-lormes.fr\/index.php\/wp-json\/wp\/v2\/comments?post=182"}],"version-history":[{"count":14,"href":"https:\/\/latisserie-lormes.fr\/index.php\/wp-json\/wp\/v2\/pages\/182\/revisions"}],"predecessor-version":[{"id":375,"href":"https:\/\/latisserie-lormes.fr\/index.php\/wp-json\/wp\/v2\/pages\/182\/revisions\/375"}],"wp:attachment":[{"href":"https:\/\/latisserie-lormes.fr\/index.php\/wp-json\/wp\/v2\/media?parent=182"}],"curies":[{"name":"wp","href":"https:\/\/api.w.org\/{rel}","templated":true}]}}